{"id":45,"date":"2006-08-16T17:13:25","date_gmt":"2006-08-16T15:13:25","guid":{"rendered":"http:\/\/www.lampertheim-digital.de\/wordpress\/?page_id=45"},"modified":"2014-03-30T11:56:56","modified_gmt":"2014-03-30T10:56:56","slug":"unterschiede-der-modelle","status":"publish","type":"page","link":"http:\/\/www.lampertheim-digital.de\/mg\/infoseiten-mga\/unterschiede-der-modelle\/","title":{"rendered":"Unterschiede der Modelle"},"content":{"rendered":"<p>Auf den ersten Blick sehen sich die sechs verschiedenen MGA Modelle sehr \u00e4hnlich aber sie unterscheiden sich &#8211; ausser im Motor &#8211; in verschiedenen Details.<\/p>\n<p>Hier noch einmal eine Auflistung der verschiedenen Modelle <\/p>\n<p>\t<strong><\/p>\n<ul>\n<li>MGA 1500<\/li>\n<li>MGA 1600<\/li>\n<li>MGA 1600 De-Luxe<\/li>\n<li>MGA 1600 Mk. II<\/li>\n<li>MGA 1600 Mk. II De-Luxe<\/li>\n<li>MGA Twin Cam<\/li>\n<\/ul>\n<p><\/strong><\/p>\n<p>und diese alle jeweils als Roadster und Coup\u00e9.<\/p>\n<p>Man kann eigentlich sagen, da\u00df es drei verschiedene Au\u00dfenansichten des MGA gibt. Die De-Luxe und die Twin Cam Modelle sind so zu sagen Ableger dieser drei Grundmodelle: MGA 1500, MGA 1600 und MGA 1600 Mk. II. Diese kann man optisch sehr gut unterscheiden.<\/p>\n<p>&nbsp;<\/p>\n<p><strong>Die Unterschiede von vorne&#8230;<\/strong><\/p>\n    <style>      #bwg_container1_0 #bwg_container2_0 .bwg_masonry_thumbnails_0 * {        -moz-box-sizing: border-box;        -webkit-box-sizing: border-box;        box-sizing: border-box;      }      #bwg_container1_0 #bwg_container2_0 .bwg_masonry_thumb_0 {        visibility: hidden;        text-align: center;        display: inline-block;        vertical-align: middle;                  width: 180px !important;                  border-radius: 2px;        border: 1px none #CCCCCC;        background-color: #E8E8E8;        margin: 0;        padding: 4px !important;        opacity: 0.8;        filter: Alpha(opacity=80);                z-index: 100;      }      #bwg_container1_0 #bwg_container2_0 .bwg_masonry_thumb_0:hover {        opacity: 1;        filter: Alpha(opacity=100);        transform: rotate(2deg);        -ms-transform: rotate(2deg);        -webkit-transform: rotate(2deg);        backface-visibility: hidden;        -webkit-backface-visibility: hidden;        -moz-backface-visibility: hidden;        -ms-backface-visibility: hidden;        z-index: 102;        position: absolute;      }      #bwg_container1_0 #bwg_container2_0 .bwg_masonry_thumbnails_0 {        -moz-box-sizing: border-box;        background-color: rgba(255, 255, 255, 0);        box-sizing: border-box;        display: inline-block;        font-size: 0;                  \/*width: 950px;*\/          width: 100%;                  position: relative;        text-align: center;      }      #bwg_container1_0 #bwg_container2_0 .bwg_masonry_thumbnails_0 a {        cursor: pointer;        text-decoration: none;      }      \/*pagination styles*\/      #bwg_container1_0 #bwg_container2_0 .tablenav-pages_0 {        text-align: center;        font-size: 12px;        font-family: segoe ui;        font-weight: bold;        color: #666666;        margin: 6px 0 4px;        display: block;        height: 30px;        line-height: 30px;      }      @media only screen and (max-width : 320px) {        #bwg_container1_0 #bwg_container2_0 .displaying-num_0 {          display: none;        }      }              @media only screen and (max-width : 950px) {          #bwg_container1_0 #bwg_container2_0 .bwg_masonry_thumbnails_0 {            width: inherit;          }        }              #bwg_container1_0 #bwg_container2_0 .displaying-num_0 {        font-size: 12px;        font-family: segoe ui;        font-weight: bold;        color: #666666;        margin-right: 10px;        vertical-align: middle;      }      #bwg_container1_0 #bwg_container2_0 .paging-input_0 {        font-size: 12px;        font-family: segoe ui;        font-weight: bold;        color: #666666;        vertical-align: middle;      }      #bwg_container1_0 #bwg_container2_0 .tablenav-pages_0 a.disabled,      #bwg_container1_0 #bwg_container2_0 .tablenav-pages_0 a.disabled:hover,      #bwg_container1_0 #bwg_container2_0 .tablenav-pages_0 a.disabled:focus {        cursor: default;        color: rgba(102, 102, 102, 0.5);      }      #bwg_container1_0 #bwg_container2_0 .tablenav-pages_0 a {        cursor: pointer;        font-size: 12px;        font-family: segoe ui;        font-weight: bold;        color: #666666;        text-decoration: none;        padding: 3px 6px;        margin: 0;        border-radius: 0;        border-style: none;        border-width: 1px;        border-color: #E3E3E3;        background-color: #FCFCFC;        opacity: 1;        filter: Alpha(opacity=100);        box-shadow: 0;        transition: all 0.3s ease 0s;-webkit-transition: all 0.3s ease 0s;      }      #bwg_container1_0 #bwg_container2_0 #spider_popup_overlay_0 {        background-color: #000000;        opacity: 0.7;        filter: Alpha(opacity=70);      }      #bwg_container1_0 #bwg_container2_0 .bwg_masonry_thumb_spun_0 {        position: absolute;      }    <\/style>    <div id=\"bwg_container1_0\">      <div id=\"bwg_container2_0\">        <form id=\"gal_front_form_0\" method=\"post\" action=\"#\">          <div id=\"bwg_masonry_thumbnails_div_0\" style=\"background-color: rgba(0, 0, 0, 0); text-align: center; width: 100%;\">                        <div id=\"bwg_masonry_thumbnails_0\" class=\"bwg_masonry_thumbnails_0\">              <div id=\"ajax_loading_0\" style=\"position:absolute;\">                <div id=\"opacity_div_0\" style=\"display:none; background-color:#FFFFFF; opacity:0.7; filter:Alpha(opacity=70); position:absolute; z-index:105;\"><\/div>                <span id=\"loading_div_0\" style=\"display:none; text-align:center; position:relative; vertical-align:middle; z-index:107\">                  <img src=\"http:\/\/www.lampertheim-digital.de\/mg\/wp-content\/plugins\/photo-gallery\/images\/ajax_loader.png\" class=\"spider_ajax_loading\" style=\"float: none; width:50px;\">                <\/span>              <\/div>                              <span class=\"bwg_masonry_thumb_spun_0\">                  <a style=\"font-size: 0;\" href=\"javascript:spider_createpopup('http%3A%2F%2Fwww.lampertheim-digital.de%2Fmg%2Fwp-admin%2Fadmin-ajax.php%3Faction%3DGalleryBox%26current_view%3D0%26image_id%3D3137%26gallery_id%3D161%26theme_id%3D2%26thumb_width%3D180%26thumb_height%3D90%26image_width%3D800%26image_height%3D500%26image_effect%3DcubeH%26sort_by%3Dalt%26enable_image_filmstrip%3D1%26image_filmstrip_height%3D70%26enable_image_ctrl_btn%3D1%26enable_image_fullscreen%3D1%26slideshow_interval%3D5%26enable_comment_social%3D1%26enable_image_facebook%3D1%26enable_image_twitter%3D1%26enable_image_google%3D1%26watermark_type%3Dnone%26current_url', '0', '800', '500', 1, 'testpopup', 5);\">                    <img class=\"bwg_masonry_thumb_0\" id=\"3137\" src=\"http:\/\/www.lampertheim-digital.de\/mg\/wp-content\/uploads\/photo-gallery\/unterschiede_vorne\/thumb\/1500_vorne.jpg\" alt=\"1500_vorne\" style=\"max-height: none !important;  max-width: none !important;\" \/>                  <\/a>                <\/span>                                <span class=\"bwg_masonry_thumb_spun_0\">                  <a style=\"font-size: 0;\" href=\"javascript:spider_createpopup('http%3A%2F%2Fwww.lampertheim-digital.de%2Fmg%2Fwp-admin%2Fadmin-ajax.php%3Faction%3DGalleryBox%26current_view%3D0%26image_id%3D3138%26gallery_id%3D161%26theme_id%3D2%26thumb_width%3D180%26thumb_height%3D90%26image_width%3D800%26image_height%3D500%26image_effect%3DcubeH%26sort_by%3Dalt%26enable_image_filmstrip%3D1%26image_filmstrip_height%3D70%26enable_image_ctrl_btn%3D1%26enable_image_fullscreen%3D1%26slideshow_interval%3D5%26enable_comment_social%3D1%26enable_image_facebook%3D1%26enable_image_twitter%3D1%26enable_image_google%3D1%26watermark_type%3Dnone%26current_url', '0', '800', '500', 1, 'testpopup', 5);\">                    <img class=\"bwg_masonry_thumb_0\" id=\"3138\" src=\"http:\/\/www.lampertheim-digital.de\/mg\/wp-content\/uploads\/photo-gallery\/unterschiede_vorne\/thumb\/1600MK2_vorne.jpg\" alt=\"1600MK2_vorne\" style=\"max-height: none !important;  max-width: none !important;\" \/>                  <\/a>                <\/span>                                <span class=\"bwg_masonry_thumb_spun_0\">                  <a style=\"font-size: 0;\" href=\"javascript:spider_createpopup('http%3A%2F%2Fwww.lampertheim-digital.de%2Fmg%2Fwp-admin%2Fadmin-ajax.php%3Faction%3DGalleryBox%26current_view%3D0%26image_id%3D3139%26gallery_id%3D161%26theme_id%3D2%26thumb_width%3D180%26thumb_height%3D90%26image_width%3D800%26image_height%3D500%26image_effect%3DcubeH%26sort_by%3Dalt%26enable_image_filmstrip%3D1%26image_filmstrip_height%3D70%26enable_image_ctrl_btn%3D1%26enable_image_fullscreen%3D1%26slideshow_interval%3D5%26enable_comment_social%3D1%26enable_image_facebook%3D1%26enable_image_twitter%3D1%26enable_image_google%3D1%26watermark_type%3Dnone%26current_url', '0', '800', '500', 1, 'testpopup', 5);\">                    <img class=\"bwg_masonry_thumb_0\" id=\"3139\" src=\"http:\/\/www.lampertheim-digital.de\/mg\/wp-content\/uploads\/photo-gallery\/unterschiede_vorne\/thumb\/1600_vorne.jpg\" alt=\"1600_vorne\" style=\"max-height: none !important;  max-width: none !important;\" \/>                  <\/a>                <\/span>                            <\/div>            <script>                              function bwg_masonry_0() {                  var image_width = 180;                  var cont_div_width = jQuery(\"#bwg_masonry_thumbnails_div_0\").width();                  var col_count = parseInt(cont_div_width \/ image_width);                  if (!col_count) {                    col_count = 1;                  }                  var top = new Array();                  var left = new Array();                  for (var i = 0; i < col_count; i++) {                    top[i] = 0;                    left[i] = i * image_width;                  }                  var div_width = col_count * image_width;                  if (div_width > jQuery(window).width()) {                    div_width = jQuery(window).width();                    jQuery(\".bwg_masonry_thumb_0\").attr(\"style\", \"max-width: \" + div_width + \"px\");                  }                  else {                    div_width = col_count * image_width;                  }                  jQuery(\".bwg_masonry_thumb_spun_0\").each(function() {                    min_top = Math.min.apply(Math, top);                    index_min_top = jQuery.inArray(min_top, top);                    jQuery(this).css({left: left[index_min_top], top: top[index_min_top]});                    top[index_min_top] += jQuery(this).height();                  });                  jQuery(\".bwg_masonry_thumbnails_0\").width(div_width);                  jQuery(\".bwg_masonry_thumbnails_0\").height(Math.max.apply(Math, top));                  jQuery(\".bwg_masonry_thumb_0\").css({visibility: 'visible'});                }                              jQuery(window).load(function() {                bwg_masonry_0();              });              jQuery(window).resize(function() {                bwg_masonry_0();              });            <\/script>                      <\/div>        <\/form>        <div id=\"spider_popup_loading_0\" class=\"spider_popup_loading\"><\/div>        <div id=\"spider_popup_overlay_0\" class=\"spider_popup_overlay\" onclick=\"spider_destroypopup(1000)\"><\/div>      <\/div>    <\/div>    \n<p>Beim MGA 1500 und fr\u00fchen Twin Cam Modellen sind die Positionsleuchten unter den Scheinwerfern relativ klein und haben nur eine wei\u00dfe Streuscheibe.<br \/>\nDer MGA 1600 hatte gr\u00f6\u00dfere Positionsleuchten in denen der gelbe Teil als Fahrrichtungsanzeiger (Blinker) genutzt wird (US Modelle und diverse andere Exportfahrzeuge hatten jedoch auch ganz wei\u00dfe Streuscheiben).<br \/>\nDer MGA 1600 Mk. II unterscheidet sich deutlich von den beiden anderen Modellen durch den ein wenig zur\u00fcck versetzten K\u00fchlergrill und die Scheibenwischer, die beim Mark II immer in Parkposition auf den Fahrer weisen.<\/p>\n<p>Ebenso tragen die Modellbezeichnungen 1600, 1600 Mk II und Twin Cam neben den beiden Luftauslassgittern am oberen Rand der Motorhaube zur leichteren Identifizierung bei. Beim MGA 1500 fehlt eine Bezeichnung. (Bilder folgen!)<\/p>\n<p>&nbsp;<\/p>\n<p><strong>&#8230;und von hinten.<\/strong><\/p>\n<p>Von hinten sind die Drei eigentlich sehr leicht anhand der R\u00fcckleuchten zu unterscheiden. <\/p>\n    <style>      #bwg_container1_1 #bwg_container2_1 .bwg_masonry_thumbnails_1 * {        -moz-box-sizing: border-box;        -webkit-box-sizing: border-box;        box-sizing: border-box;      }      #bwg_container1_1 #bwg_container2_1 .bwg_masonry_thumb_1 {        visibility: hidden;        text-align: center;        display: inline-block;        vertical-align: middle;                  width: 180px !important;                  border-radius: 2px;        border: 1px none #CCCCCC;        background-color: #E8E8E8;        margin: 0;        padding: 4px !important;        opacity: 0.8;        filter: Alpha(opacity=80);                z-index: 100;      }      #bwg_container1_1 #bwg_container2_1 .bwg_masonry_thumb_1:hover {        opacity: 1;        filter: Alpha(opacity=100);        transform: rotate(2deg);        -ms-transform: rotate(2deg);        -webkit-transform: rotate(2deg);        backface-visibility: hidden;        -webkit-backface-visibility: hidden;        -moz-backface-visibility: hidden;        -ms-backface-visibility: hidden;        z-index: 102;        position: absolute;      }      #bwg_container1_1 #bwg_container2_1 .bwg_masonry_thumbnails_1 {        -moz-box-sizing: border-box;        background-color: rgba(255, 255, 255, 0);        box-sizing: border-box;        display: inline-block;        font-size: 0;                  \/*width: 950px;*\/          width: 100%;                  position: relative;        text-align: center;      }      #bwg_container1_1 #bwg_container2_1 .bwg_masonry_thumbnails_1 a {        cursor: pointer;        text-decoration: none;      }      \/*pagination styles*\/      #bwg_container1_1 #bwg_container2_1 .tablenav-pages_1 {        text-align: center;        font-size: 12px;        font-family: segoe ui;        font-weight: bold;        color: #666666;        margin: 6px 0 4px;        display: block;        height: 30px;        line-height: 30px;      }      @media only screen and (max-width : 320px) {        #bwg_container1_1 #bwg_container2_1 .displaying-num_1 {          display: none;        }      }              @media only screen and (max-width : 950px) {          #bwg_container1_1 #bwg_container2_1 .bwg_masonry_thumbnails_1 {            width: inherit;          }        }              #bwg_container1_1 #bwg_container2_1 .displaying-num_1 {        font-size: 12px;        font-family: segoe ui;        font-weight: bold;        color: #666666;        margin-right: 10px;        vertical-align: middle;      }      #bwg_container1_1 #bwg_container2_1 .paging-input_1 {        font-size: 12px;        font-family: segoe ui;        font-weight: bold;        color: #666666;        vertical-align: middle;      }      #bwg_container1_1 #bwg_container2_1 .tablenav-pages_1 a.disabled,      #bwg_container1_1 #bwg_container2_1 .tablenav-pages_1 a.disabled:hover,      #bwg_container1_1 #bwg_container2_1 .tablenav-pages_1 a.disabled:focus {        cursor: default;        color: rgba(102, 102, 102, 0.5);      }      #bwg_container1_1 #bwg_container2_1 .tablenav-pages_1 a {        cursor: pointer;        font-size: 12px;        font-family: segoe ui;        font-weight: bold;        color: #666666;        text-decoration: none;        padding: 3px 6px;        margin: 0;        border-radius: 0;        border-style: none;        border-width: 1px;        border-color: #E3E3E3;        background-color: #FCFCFC;        opacity: 1;        filter: Alpha(opacity=100);        box-shadow: 0;        transition: all 0.3s ease 0s;-webkit-transition: all 0.3s ease 0s;      }      #bwg_container1_1 #bwg_container2_1 #spider_popup_overlay_1 {        background-color: #000000;        opacity: 0.7;        filter: Alpha(opacity=70);      }      #bwg_container1_1 #bwg_container2_1 .bwg_masonry_thumb_spun_1 {        position: absolute;      }    <\/style>    <div id=\"bwg_container1_1\">      <div id=\"bwg_container2_1\">        <form id=\"gal_front_form_1\" method=\"post\" action=\"#\">          <div id=\"bwg_masonry_thumbnails_div_1\" style=\"background-color: rgba(0, 0, 0, 0); text-align: center; width: 100%;\">                        <div id=\"bwg_masonry_thumbnails_1\" class=\"bwg_masonry_thumbnails_1\">              <div id=\"ajax_loading_1\" style=\"position:absolute;\">                <div id=\"opacity_div_1\" style=\"display:none; background-color:#FFFFFF; opacity:0.7; filter:Alpha(opacity=70); position:absolute; z-index:105;\"><\/div>                <span id=\"loading_div_1\" style=\"display:none; text-align:center; position:relative; vertical-align:middle; z-index:107\">                  <img src=\"http:\/\/www.lampertheim-digital.de\/mg\/wp-content\/plugins\/photo-gallery\/images\/ajax_loader.png\" class=\"spider_ajax_loading\" style=\"float: none; width:50px;\">                <\/span>              <\/div>                              <span class=\"bwg_masonry_thumb_spun_1\">                  <a style=\"font-size: 0;\" href=\"javascript:spider_createpopup('http%3A%2F%2Fwww.lampertheim-digital.de%2Fmg%2Fwp-admin%2Fadmin-ajax.php%3Faction%3DGalleryBox%26current_view%3D1%26image_id%3D3134%26gallery_id%3D160%26theme_id%3D2%26thumb_width%3D180%26thumb_height%3D90%26image_width%3D800%26image_height%3D500%26image_effect%3DcubeH%26sort_by%3Dalt%26enable_image_filmstrip%3D1%26image_filmstrip_height%3D70%26enable_image_ctrl_btn%3D1%26enable_image_fullscreen%3D1%26slideshow_interval%3D5%26enable_comment_social%3D1%26enable_image_facebook%3D1%26enable_image_twitter%3D1%26enable_image_google%3D1%26watermark_type%3Dnone%26current_url', '1', '800', '500', 1, 'testpopup', 5);\">                    <img class=\"bwg_masonry_thumb_1\" id=\"3134\" src=\"http:\/\/www.lampertheim-digital.de\/mg\/wp-content\/uploads\/photo-gallery\/unterschiede_hinten\/thumb\/1500_hinten.jpg\" alt=\"1500_hinten\" style=\"max-height: none !important;  max-width: none !important;\" \/>                  <\/a>                <\/span>                                <span class=\"bwg_masonry_thumb_spun_1\">                  <a style=\"font-size: 0;\" href=\"javascript:spider_createpopup('http%3A%2F%2Fwww.lampertheim-digital.de%2Fmg%2Fwp-admin%2Fadmin-ajax.php%3Faction%3DGalleryBox%26current_view%3D1%26image_id%3D3135%26gallery_id%3D160%26theme_id%3D2%26thumb_width%3D180%26thumb_height%3D90%26image_width%3D800%26image_height%3D500%26image_effect%3DcubeH%26sort_by%3Dalt%26enable_image_filmstrip%3D1%26image_filmstrip_height%3D70%26enable_image_ctrl_btn%3D1%26enable_image_fullscreen%3D1%26slideshow_interval%3D5%26enable_comment_social%3D1%26enable_image_facebook%3D1%26enable_image_twitter%3D1%26enable_image_google%3D1%26watermark_type%3Dnone%26current_url', '1', '800', '500', 1, 'testpopup', 5);\">                    <img class=\"bwg_masonry_thumb_1\" id=\"3135\" src=\"http:\/\/www.lampertheim-digital.de\/mg\/wp-content\/uploads\/photo-gallery\/unterschiede_hinten\/thumb\/1600MK2_hinten.jpg\" alt=\"1600MK2_hinten\" style=\"max-height: none !important;  max-width: none !important;\" \/>                  <\/a>                <\/span>                                <span class=\"bwg_masonry_thumb_spun_1\">                  <a style=\"font-size: 0;\" href=\"javascript:spider_createpopup('http%3A%2F%2Fwww.lampertheim-digital.de%2Fmg%2Fwp-admin%2Fadmin-ajax.php%3Faction%3DGalleryBox%26current_view%3D1%26image_id%3D3136%26gallery_id%3D160%26theme_id%3D2%26thumb_width%3D180%26thumb_height%3D90%26image_width%3D800%26image_height%3D500%26image_effect%3DcubeH%26sort_by%3Dalt%26enable_image_filmstrip%3D1%26image_filmstrip_height%3D70%26enable_image_ctrl_btn%3D1%26enable_image_fullscreen%3D1%26slideshow_interval%3D5%26enable_comment_social%3D1%26enable_image_facebook%3D1%26enable_image_twitter%3D1%26enable_image_google%3D1%26watermark_type%3Dnone%26current_url', '1', '800', '500', 1, 'testpopup', 5);\">                    <img class=\"bwg_masonry_thumb_1\" id=\"3136\" src=\"http:\/\/www.lampertheim-digital.de\/mg\/wp-content\/uploads\/photo-gallery\/unterschiede_hinten\/thumb\/1600_hinten.jpg\" alt=\"1600_hinten\" style=\"max-height: none !important;  max-width: none !important;\" \/>                  <\/a>                <\/span>                            <\/div>            <script>                              function bwg_masonry_1() {                  var image_width = 180;                  var cont_div_width = jQuery(\"#bwg_masonry_thumbnails_div_1\").width();                  var col_count = parseInt(cont_div_width \/ image_width);                  if (!col_count) {                    col_count = 1;                  }                  var top = new Array();                  var left = new Array();                  for (var i = 0; i < col_count; i++) {                    top[i] = 0;                    left[i] = i * image_width;                  }                  var div_width = col_count * image_width;                  if (div_width > jQuery(window).width()) {                    div_width = jQuery(window).width();                    jQuery(\".bwg_masonry_thumb_1\").attr(\"style\", \"max-width: \" + div_width + \"px\");                  }                  else {                    div_width = col_count * image_width;                  }                  jQuery(\".bwg_masonry_thumb_spun_1\").each(function() {                    min_top = Math.min.apply(Math, top);                    index_min_top = jQuery.inArray(min_top, top);                    jQuery(this).css({left: left[index_min_top], top: top[index_min_top]});                    top[index_min_top] += jQuery(this).height();                  });                  jQuery(\".bwg_masonry_thumbnails_1\").width(div_width);                  jQuery(\".bwg_masonry_thumbnails_1\").height(Math.max.apply(Math, top));                  jQuery(\".bwg_masonry_thumb_1\").css({visibility: 'visible'});                }                              jQuery(window).load(function() {                bwg_masonry_1();              });              jQuery(window).resize(function() {                bwg_masonry_1();              });            <\/script>                      <\/div>        <\/form>        <div id=\"spider_popup_loading_1\" class=\"spider_popup_loading\"><\/div>        <div id=\"spider_popup_overlay_1\" class=\"spider_popup_overlay\" onclick=\"spider_destroypopup(1000)\"><\/div>      <\/div>    <\/div>    \n<p>Beim MGA 1500 und fr\u00fchen Twin Cam Modellen ist eine rote R\u00fcckleuchten vorhanden. Der MGA 1600 und sp\u00e4tere Twin Cam Fahrzeuge haben unterteilte R\u00fcckleuchten mit seperatem gelben Blinker. Der MGA 1600 Mark II wiederum hat v\u00f6llig andere R\u00fcckleuchten (die \u00fcbrigens auch beim Mini eingesetzt wurden) verbaut. Diese sind im Gegensatz zu den Leuchten vom 1600 um 90\u00b0 gedreht unterhalb der Kofferraum\u00f6ffnung angebracht.<\/p>\n<p>Zudem wurde bei den 1600 Mark II und Twin Cam Modellen ein Schriftzug mit der dem jeweiligen Typ unterhalb des MG Emblems auf dem Kofferraumdeckel angebracht.<\/p>\n","protected":false},"excerpt":{"rendered":"<p>Auf den ersten Blick sehen sich die sechs verschiedenen MGA Modelle sehr \u00e4hnlich aber sie unterscheiden sich &#8211; ausser im Motor &#8211; in verschiedenen Details. Hier noch einmal eine Auflistung der verschiedenen Modelle MGA 1500 MGA 1600 MGA 1600 De-Luxe MGA 1600 Mk. II MGA 1600 Mk. II De-Luxe MGA Twin Cam und diese alle [&#8230;]<\/p>\n","protected":false},"author":2,"featured_media":0,"parent":11,"menu_order":150,"comment_status":"open","ping_status":"open","template":"","meta":[],"_links":{"self":[{"href":"http:\/\/www.lampertheim-digital.de\/mg\/wp-json\/wp\/v2\/pages\/45"}],"collection":[{"href":"http:\/\/www.lampertheim-digital.de\/mg\/wp-json\/wp\/v2\/pages"}],"about":[{"href":"http:\/\/www.lampertheim-digital.de\/mg\/wp-json\/wp\/v2\/types\/page"}],"author":[{"embeddable":true,"href":"http:\/\/www.lampertheim-digital.de\/mg\/wp-json\/wp\/v2\/users\/2"}],"replies":[{"embeddable":true,"href":"http:\/\/www.lampertheim-digital.de\/mg\/wp-json\/wp\/v2\/comments?post=45"}],"version-history":[{"count":3,"href":"http:\/\/www.lampertheim-digital.de\/mg\/wp-json\/wp\/v2\/pages\/45\/revisions"}],"predecessor-version":[{"id":1592,"href":"http:\/\/www.lampertheim-digital.de\/mg\/wp-json\/wp\/v2\/pages\/45\/revisions\/1592"}],"up":[{"embeddable":true,"href":"http:\/\/www.lampertheim-digital.de\/mg\/wp-json\/wp\/v2\/pages\/11"}],"wp:attachment":[{"href":"http:\/\/www.lampertheim-digital.de\/mg\/wp-json\/wp\/v2\/media?parent=45"}],"curies":[{"name":"wp","href":"https:\/\/api.w.org\/{rel}","templated":true}]}}