{"id":35,"date":"2006-08-11T16:42:38","date_gmt":"2006-08-11T14:42:38","guid":{"rendered":"http:\/\/www.lampertheim-digital.de\/wordpress\/?page_id=35"},"modified":"2020-05-03T16:48:25","modified_gmt":"2020-05-03T15:48:25","slug":"mga-produktion-in-zahlen","status":"publish","type":"page","link":"http:\/\/www.lampertheim-digital.de\/mg\/infoseiten-mga\/mga-produktion-in-zahlen\/","title":{"rendered":"MGA Produktion in Zahlen"},"content":{"rendered":"<p><em><strong>Produktionszahlen im Detail<\/strong><\/em><\/p>\n<p>In der Tabelle deutlich zu erkennen ist die Wichtigkeit des amerikanischen Marktes f\u00fcr MG. Insgesamt wurden mehr als 80.000 Fahrzeuge (von Gesamt 101.081) in die USA exportiert.<\/p>\n<p><small>*   &#8211; CKD = Complete Knock Down &#8211; vollst\u00e4ndig zerlegtes und in \u00dcberseekisten verpacktes Fahrzeug<br \/>\n** &#8211; einschl. einem nur als Fahrgestell (Fahrgestellnr. 1701) gelieferten Fahrzeug<\/small><\/p>\n<table border=0 width=510>\n<tr>\n<th>&nbsp;\n<\/th>\n<th align=center>Rechtsl.<br \/>GB\n<\/th>\n<th align=center>Rechtsl.<br \/>Export\n<\/th>\n<th align=center>Linksl.<br \/>Export\n<\/th>\n<th align=center>Linksl.<br \/>USA\n<\/th>\n<th align=center>Rechtsl.<br \/>CKD*\n<\/th>\n<th align=center>Linksl.<br \/>CKD*\n<\/th>\n<th align=center>Gesamt<br \/>&nbsp;\n<\/th>\n<\/tr>\n<tr>\n<td colspan=8>&nbsp;<br \/>1500 Roadster<\/p>\n<hr \/>\n<\/td>\n<\/tr>\n<tr>\n<td>1955<\/td>\n<td align=right>210<\/td>\n<td align=right>93<\/td>\n<td align=right>106<\/td>\n<td align=right>594<\/td>\n<td align=right>0<\/td>\n<td align=right>0<\/td>\n<td align=right>1003<\/td>\n<\/tr>\n<tr>\n<td>1956<\/td>\n<td align=right>794<\/td>\n<td align=right>721<\/td>\n<td align=right>1150<\/td>\n<td align=right>10589<\/td>\n<td align=right>48<\/td>\n<td align=right>92<\/td>\n<td align=right>13394<\/td>\n<\/tr>\n<tr>\n<td>1957<\/td>\n<td align=right>368<\/td>\n<td align=right>379<\/td>\n<td align=right>1019<\/td>\n<td align=right>13869<\/td>\n<td align=right>672<\/td>\n<td align=right>160<\/td>\n<td align=right>16467<\/td>\n<\/tr>\n<tr>\n<td>1958<\/td>\n<td align=right>368<\/td>\n<td align=right>349<\/td>\n<td align=right>848<\/td>\n<td align=right>12462<\/td>\n<td align=right>509<\/td>\n<td align=right>275<\/td>\n<td align=right>14811<\/td>\n<\/tr>\n<tr>\n<td>1959<\/td>\n<td align=right>119<\/td>\n<td align=right>68<\/td>\n<td align=right>314<\/td>\n<td align=right>6149<\/td>\n<td align=right>142<\/td>\n<td align=right>11<\/td>\n<td align=right>6803<\/td>\n<\/tr>\n<tr>\n<td colspan=8>\n<hr \/>\n<\/td>\n<\/tr>\n<tr>\n<td>Gesamt<\/td>\n<td align=right>1859<\/td>\n<td align=right>1610<\/td>\n<td align=right>3437<\/td>\n<td align=right>43663<\/td>\n<td align=right>1371<\/td>\n<td align=right>538<\/td>\n<td align=right>52478<\/td>\n<\/tr>\n<tr>\n<td colspan=8>&nbsp;<\/td>\n<\/tr>\n<tr>\n<td colspan=8>&nbsp;<br \/>1500 Coup\u00e9<\/p>\n<hr \/>\n<\/td>\n<\/tr>\n<tr>\n<td>1956<\/td>\n<td align=right>5<\/td>\n<td align=right>2<\/td>\n<td align=right>3<\/td>\n<td align=right>6<\/td>\n<td align=right>0<\/td>\n<td align=right>0<\/td>\n<td align=right>16<\/td>\n<\/tr>\n<tr>\n<td>1957<\/td>\n<td align=right>398<\/td>\n<td align=right>182<\/td>\n<td align=right>198<\/td>\n<td align=right>3326<\/td>\n<td align=right>0<\/td>\n<td align=right>0<\/td>\n<td align=right>4104<\/td>\n<\/tr>\n<tr>\n<td>1958<\/td>\n<td align=right>323<\/td>\n<td align=right>131<\/td>\n<td align=right>83<\/td>\n<td align=right>773<\/td>\n<td align=right>1<\/td>\n<td align=right>0<\/td>\n<td align=right>1311<\/td>\n<\/tr>\n<tr>\n<td>1959<\/td>\n<td align=right>102<\/td>\n<td align=right>28<\/td>\n<td align=right>48<\/td>\n<td align=right>663<\/td>\n<td align=right>0<\/td>\n<td align=right>0<\/td>\n<td align=right>841<\/td>\n<\/tr>\n<tr>\n<td colspan=8>\n<hr \/>\n<\/td>\n<\/tr>\n<tr>\n<td>Gesamt<\/td>\n<td align=right>828<\/td>\n<td align=right>343<\/td>\n<td align=right>332<\/td>\n<td align=right>4768<\/td>\n<td align=right>1<\/td>\n<td align=right>0<\/td>\n<td align=right>6272<\/td>\n<\/tr>\n<tr>\n<td colspan=8>&nbsp;<\/td>\n<\/tr>\n<tr>\n<td colspan=8>&nbsp;<br \/>1600 Roadster inkl. De-Luxe-Modelle<\/p>\n<hr \/>\n<\/td>\n<\/tr>\n<tr>\n<td>1959<\/td>\n<td align=right>520<\/td>\n<td align=right>137<\/td>\n<td align=right>543<\/td>\n<td align=right>11378<\/td>\n<td align=right>248<\/td>\n<td align=right>112<\/td>\n<td align=right>12938<\/td>\n<\/tr>\n<tr>\n<td>1960<\/td>\n<td align=right>780<\/td>\n<td align=right>271<\/td>\n<td align=right>1330<\/td>\n<td align=right>12253<\/td>\n<td align=right>764<\/td>\n<td align=right>80<\/td>\n<td align=right>15478<\/td>\n<\/tr>\n<tr>\n<td>1961<\/td>\n<td align=right>34<\/td>\n<td align=right>41<\/td>\n<td align=right>42<\/td>\n<td align=right>37<\/td>\n<td align=right>136<\/td>\n<td align=right>24<\/td>\n<td align=right>314<\/td>\n<\/tr>\n<tr>\n<td colspan=8>\n<hr \/>\n<\/td>\n<\/tr>\n<tr>\n<td>Gesamt<\/td>\n<td align=right>1334<\/td>\n<td align=right>449<\/td>\n<td align=right>1915<\/td>\n<td align=right>23668<\/td>\n<td align=right>1148<\/td>\n<td align=right>216<\/td>\n<td align=right>28730<\/td>\n<\/tr>\n<tr>\n<td colspan=8>&nbsp;<\/td>\n<\/tr>\n<tr>\n<td colspan=8>&nbsp;<br \/>1600 Coup\u00e9 inkl. De-Luxe-Modelle<\/p>\n<hr \/>\n<\/td>\n<\/tr>\n<tr>\n<td>1959<\/td>\n<td align=right>401<\/td>\n<td align=right>35<\/td>\n<td align=right>59<\/td>\n<td align=right>711<\/td>\n<td align=right>12<\/td>\n<td align=right>0<\/td>\n<td align=right>1218<\/td>\n<\/tr>\n<tr>\n<td>1960<\/td>\n<td align=right>400<\/td>\n<td align=right>66<\/td>\n<td align=right>96<\/td>\n<td align=right>826<\/td>\n<td align=right>52<\/td>\n<td align=right>12<\/td>\n<td align=right>1452<\/td>\n<\/tr>\n<tr>\n<td>1961<\/td>\n<td align=right>37<\/td>\n<td align=right>14<\/td>\n<td align=right>24<\/td>\n<td align=right>14<\/td>\n<td align=right>0<\/td>\n<td align=right>12<\/td>\n<td align=right>101<\/td>\n<\/tr>\n<tr>\n<td colspan=8>\n<hr \/>\n<\/td>\n<\/tr>\n<tr>\n<td>Gesamt<\/td>\n<td align=right>838<\/td>\n<td align=right>115<\/td>\n<td align=right>179<\/td>\n<td align=right>1551<\/td>\n<td align=right>64<\/td>\n<td align=right>24<\/td>\n<td align=right>2771<\/td>\n<\/tr>\n<tr>\n<td colspan=8>&nbsp;<\/td>\n<\/tr>\n<tr>\n<td colspan=8>&nbsp;<br \/>1600 Mark II Roadster inkl. De-Luxe-Modelle<\/p>\n<hr \/>\n<\/td>\n<\/tr>\n<tr>\n<td>1961<\/td>\n<td align=right>317<\/td>\n<td align=right>120<\/td>\n<td align=right>764<\/td>\n<td align=right>3921<\/td>\n<td align=right>84<\/td>\n<td align=right>48<\/td>\n<td align=right>5254<\/td>\n<\/tr>\n<tr>\n<td>1962<\/td>\n<td align=right>60<\/td>\n<td align=right>39<\/td>\n<td align=right>392<\/td>\n<td align=right>2365<\/td>\n<td align=right>88<\/td>\n<td align=right>0<\/td>\n<td align=right>2944<\/td>\n<\/tr>\n<tr>\n<td colspan=8>\n<hr \/>\n<\/td>\n<\/tr>\n<tr>\n<td>Gesamt<\/td>\n<td align=right>377<\/td>\n<td align=right>159<\/td>\n<td align=right>1156<\/td>\n<td align=right>6286<\/td>\n<td align=right>172<\/td>\n<td align=right>48<\/td>\n<td align=right>8198<\/td>\n<\/tr>\n<tr>\n<td colspan=8>&nbsp;<\/td>\n<\/tr>\n<tr>\n<td colspan=8>&nbsp;<br \/>1600 Mark II Coup\u00e9 inkl. De-Luxe-Modelle<\/p>\n<hr \/>\n<\/td>\n<\/tr>\n<tr>\n<td>1961<\/td>\n<td align=right>168<\/td>\n<td align=right>21<\/td>\n<td align=right>67<\/td>\n<td align=right>156<\/td>\n<td align=right>4<\/td>\n<td align=right>0<\/td>\n<td align=right>416<\/td>\n<\/tr>\n<tr>\n<td>1962<\/td>\n<td align=right>51<\/td>\n<td align=right>10<\/td>\n<td align=right>18<\/td>\n<td align=right>26<\/td>\n<td align=right>0<\/td>\n<td align=right>0<\/td>\n<td align=right>105<\/td>\n<\/tr>\n<tr>\n<td colspan=8>\n<hr \/>\n<\/td>\n<\/tr>\n<tr>\n<td>Gesamt<\/td>\n<td align=right>219<\/td>\n<td align=right>31<\/td>\n<td align=right>85<\/td>\n<td align=right>182<\/td>\n<td align=right>4<\/td>\n<td align=right>0<\/td>\n<td align=right>521<\/td>\n<\/tr>\n<tr>\n<td colspan=8>&nbsp;<br \/>&nbsp;<br \/>&nbsp;<br \/>&nbsp;<\/td>\n<\/tr>\n<tr>\n<td colspan=8>&nbsp;<br \/>Twin Cam Roadster<\/p>\n<hr \/>\n<\/td>\n<\/tr>\n<tr>\n<td>1958<\/td>\n<td align=right>39<\/td>\n<td align=right>41<\/td>\n<td align=right>144<\/td>\n<td align=right>256<\/td>\n<td align=right>12<\/td>\n<td align=right>1<\/td>\n<td align=right>493<\/td>\n<\/tr>\n<tr>\n<td>1959<\/td>\n<td align=right>**162<\/td>\n<td align=right>127<\/td>\n<td align=right>208<\/td>\n<td align=right>679<\/td>\n<td align=right>56<\/td>\n<td align=right>24<\/td>\n<td align=right>1256<\/td>\n<\/tr>\n<tr>\n<td>1960<\/td>\n<td align=right>9<\/td>\n<td align=right>7<\/td>\n<td align=right>2<\/td>\n<td align=right>5<\/td>\n<td align=right>4<\/td>\n<td align=right>12<\/td>\n<td align=right>39<\/td>\n<\/tr>\n<tr>\n<td colspan=8>\n<hr \/>\n<\/td>\n<\/tr>\n<tr>\n<td>Gesamt<\/td>\n<td align=right>210<\/td>\n<td align=right>175<\/td>\n<td align=right>354<\/td>\n<td align=right>940<\/td>\n<td align=right>72<\/td>\n<td align=right>37<\/td>\n<td align=right>1788<\/td>\n<\/tr>\n<tr>\n<td colspan=8>&nbsp;<\/td>\n<\/tr>\n<tr>\n<td colspan=8>&nbsp;<br \/>Twin Cam Coup\u00e9<\/p>\n<hr \/>\n<\/td>\n<\/tr>\n<tr>\n<td>1958<\/td>\n<td align=right>26<\/td>\n<td align=right>7<\/td>\n<td align=right>5<\/td>\n<td align=right>10<\/td>\n<td align=right>0<\/td>\n<td align=right>0<\/td>\n<td align=right>48<\/td>\n<\/tr>\n<tr>\n<td>1959<\/td>\n<td align=right>115<\/td>\n<td align=right>15<\/td>\n<td align=right>24<\/td>\n<td align=right>85<\/td>\n<td align=right>24<\/td>\n<td align=right>0<\/td>\n<td align=right>263<\/td>\n<\/tr>\n<tr>\n<td>1960<\/td>\n<td align=right>9<\/td>\n<td align=right>2<\/td>\n<td align=right>1<\/td>\n<td align=right>0<\/td>\n<td align=right>0<\/td>\n<td align=right>0<\/td>\n<td align=right>12<\/td>\n<\/tr>\n<tr>\n<td colspan=8>\n<hr \/>\n<\/td>\n<\/tr>\n<tr>\n<td>Gesamt<\/td>\n<td align=right>150<\/td>\n<td align=right>24<\/td>\n<td align=right>30<\/td>\n<td align=right>95<\/td>\n<td align=right>24<\/td>\n<td align=right>0<\/td>\n<td align=right>323<\/td>\n<\/tr>\n<tr>\n<td colspan=8>&nbsp;<br \/>&nbsp;<br \/>&nbsp;<br \/>&nbsp;<\/td>\n<\/tr>\n<tr>\n<td colspan=8>&nbsp;<br \/>1600 De-Luxe-Roadster<\/p>\n<hr \/>\n<\/td>\n<\/tr>\n<tr>\n<td>1960<\/td>\n<td align=right>16<\/td>\n<td align=right>2<\/td>\n<td align=right>32<\/td>\n<td align=right>0<\/td>\n<td align=right>&#8211;<\/td>\n<td align=right>&#8211;<\/td>\n<td align=right>50<\/td>\n<\/tr>\n<tr>\n<td>1961<\/td>\n<td align=right>3<\/td>\n<td align=right>0<\/td>\n<td align=right>14<\/td>\n<td align=right>3<\/td>\n<td align=right>&#8211;<\/td>\n<td align=right>&#8211;<\/td>\n<td align=right>20<\/td>\n<\/tr>\n<tr>\n<td colspan=8>\n<hr \/>\n<\/td>\n<\/tr>\n<tr>\n<td>Gesamt<\/td>\n<td align=right>19<\/td>\n<td align=right>2<\/td>\n<td align=right>46<\/td>\n<td align=right>3<\/td>\n<td align=right>&#8211;<\/td>\n<td align=right>&#8211;<\/td>\n<td align=right>70<\/td>\n<\/tr>\n<tr>\n<td colspan=8>&nbsp;<\/td>\n<td>\n<\/td>\n<\/tr>\n<tr>\n<td colspan=8>&nbsp;<br \/>1600 De-Luxe-Coup\u00e9<\/p>\n<hr \/>\n<\/td>\n<\/tr>\n<tr>\n<td>1960<\/td>\n<td align=right>2<\/td>\n<td align=right>2<\/td>\n<td align=right>1<\/td>\n<td align=right>0<\/td>\n<td align=right>&#8211;<\/td>\n<td align=right>&#8211;<\/td>\n<td align=right>5<\/td>\n<\/tr>\n<tr>\n<td>1961<\/td>\n<td align=right>5<\/td>\n<td align=right>1<\/td>\n<td align=right>0<\/td>\n<td align=right>1<\/td>\n<td align=right>&#8211;<\/td>\n<td align=right>&#8211;<\/td>\n<td align=right>7<\/td>\n<\/tr>\n<tr>\n<td colspan=8>\n<hr \/>\n<\/td>\n<\/tr>\n<tr>\n<td>Gesamt<\/td>\n<td align=right>7<\/td>\n<td align=right>3<\/td>\n<td align=right>1<\/td>\n<td align=right>1<\/td>\n<td align=right>&#8211;<\/td>\n<td align=right>&#8211;<\/td>\n<td align=right>12<\/td>\n<\/tr>\n<tr>\n<td colspan=8>&nbsp;<br \/>&nbsp;<br \/>&nbsp;<br \/>&nbsp;<\/td>\n<\/tr>\n<tr>\n<td colspan=8>&nbsp;<br \/>1600 Mark II De-Luxe-Roadster<\/p>\n<hr \/>\n<\/td>\n<\/tr>\n<tr>\n<td>1961<\/td>\n<td align=right>12<\/td>\n<td align=right>6<\/td>\n<td align=right>22<\/td>\n<td align=right>77<\/td>\n<td align=right>&#8211;<\/td>\n<td align=right>&#8211;<\/td>\n<td align=right>117<\/td>\n<\/tr>\n<tr>\n<td>1962<\/td>\n<td align=right>3<\/td>\n<td align=right>2<\/td>\n<td align=right>3<\/td>\n<td align=right>165<\/td>\n<td align=right>&#8211;<\/td>\n<td align=right>&#8211;<\/td>\n<td align=right>173<\/td>\n<\/tr>\n<tr>\n<td colspan=8>\n<hr \/>\n<\/td>\n<\/tr>\n<tr>\n<td>Gesamt<\/td>\n<td align=right>15<\/td>\n<td align=right>8<\/td>\n<td align=right>25<\/td>\n<td align=right>242<\/td>\n<td align=right>&#8211;<\/td>\n<td align=right>&#8211;<\/td>\n<td align=right>290<\/td>\n<\/tr>\n<tr>\n<td colspan=8>&nbsp;<\/td>\n<td>\n<\/td>\n<\/tr>\n<tr>\n<td colspan=8>&nbsp;<br \/>1600 Mark II De-Luxe-Coup\u00e9<\/p>\n<hr \/>\n<\/td>\n<\/tr>\n<tr>\n<td>1961<\/td>\n<td align=right>5<\/td>\n<td align=right>4<\/td>\n<td align=right>3<\/td>\n<td align=right>1<\/td>\n<td align=right>&#8211;<\/td>\n<td align=right>&#8211;<\/td>\n<td align=right>13<\/td>\n<\/tr>\n<tr>\n<td>1962<\/td>\n<td align=right>8<\/td>\n<td align=right>0<\/td>\n<td align=right>1<\/td>\n<td align=right>1<\/td>\n<td align=right>&#8211;<\/td>\n<td align=right>&#8211;<\/td>\n<td align=right>10<\/td>\n<\/tr>\n<tr>\n<td colspan=8>\n<hr \/>\n<\/td>\n<\/tr>\n<tr>\n<td>Gesamt<\/td>\n<td align=right>13<\/td>\n<td align=right>4<\/td>\n<td align=right>4<\/td>\n<td align=right>2<\/td>\n<td align=right>&#8211;<\/td>\n<td align=right>&#8211;<\/td>\n<td align=right>23<\/td>\n<\/tr>\n<tr>\n<td colspan=8>&nbsp;<br \/>&nbsp;<br \/>&nbsp;<br \/>&nbsp;<\/td>\n<\/tr>\n<\/table>\n<p><em><strong>Produktionszahlen zusammengefasst<\/strong><\/em><\/p>\n<table border=0 width=510>\n<tr>\n<th>&nbsp;<\/th>\n<th align=right>1500<\/th>\n<th align=right>Twin Cam<\/th>\n<th align=right>1600<\/th>\n<th align=right>1600 Mk. II<\/th>\n<th align=right>Gesamt\/Jahr<\/th>\n<\/tr>\n<tr>\n<td colspan=6>\n<hr \/>\n<\/td>\n<\/tr>\n<tr>\n<td>1955<\/td>\n<td align=right>1003<\/td>\n<td align=right>&nbsp;<\/td>\n<td align=right>&nbsp;<\/td>\n<td align=right>&nbsp;<\/td>\n<td align=right>1003<\/td>\n<\/tr>\n<tr>\n<td>1956<\/td>\n<td align=right>13410<\/td>\n<td align=right>&nbsp;<\/td>\n<td align=right>&nbsp;<\/td>\n<td align=right>&nbsp;<\/td>\n<td align=right>13410<\/td>\n<\/tr>\n<tr>\n<td>1957<\/td>\n<td align=right>20571<\/td>\n<td align=right>&nbsp;<\/td>\n<td align=right>&nbsp;<\/td>\n<td align=right>&nbsp;<\/td>\n<td align=right>20571<\/td>\n<\/tr>\n<tr>\n<td>1958<\/td>\n<td align=right>16122<\/td>\n<td align=right>541<\/td>\n<td align=right>&nbsp;<\/td>\n<td align=right>&nbsp;<\/td>\n<td align=right>16663<\/td>\n<\/tr>\n<tr>\n<td>1959<\/td>\n<td align=right>7644<\/td>\n<td align=right>1519<\/td>\n<td align=right>14156<\/td>\n<td align=right>&nbsp;<\/td>\n<td align=right>23319<\/td>\n<\/tr>\n<tr>\n<td>1960<\/td>\n<td align=right>&nbsp;<\/td>\n<td align=right>51<\/td>\n<td align=right>16930<\/td>\n<td align=right>&nbsp;<\/td>\n<td align=right>16981<\/td>\n<\/tr>\n<tr>\n<td>1961<\/td>\n<td align=right>&nbsp;<\/td>\n<td align=right>&nbsp;<\/td>\n<td align=right>415<\/td>\n<td align=right>5670<\/td>\n<td align=right>6085<\/td>\n<\/tr>\n<tr>\n<td>1962<\/td>\n<td align=right>&nbsp;<\/td>\n<td align=right>&nbsp;<\/td>\n<td align=right>&nbsp;<\/td>\n<td align=right>3049<\/td>\n<td align=right>3049<\/td>\n<\/tr>\n<tr>\n<td colspan=6>\n<hr \/>\n<\/td>\n<\/tr>\n<tr>\n<td>Gesamt<\/td>\n<td align=right>58750<\/td>\n<td align=right>2111<\/td>\n<td align=right>31501<\/td>\n<td align=right>8719<\/td>\n<td align=right>101081<\/td>\n<\/tr>\n<\/table>\n<tr>\n<td colspan=8>&nbsp;<br \/>&nbsp;<br \/>&nbsp;<br \/>&nbsp;<\/td>\n<\/tr>\n<p><em><strong>Ungef\u00e4hre Datierung der einzelnen Modelle<\/strong><\/em><\/p>\n<p>&#8222;Ungef\u00e4hre Datierung&#8220; deshalb weil man die Fahrzeuge &#8222;aus produktions-technischen Gr\u00fcnden&#8220; nicht immer mit Fahrgestellnummern in Reihenfolge ausgestattet hat. Soll hei\u00dfen: man nahm es nicht ganz so genau mit den Typenschildern und teilweise wurde verbaut was da war&#8230; \ud83d\ude42<\/p>\n<table border=0 width=510>\n<tr>\n<th>Datum<\/th>\n<th>Fahrgestellnr.<\/th>\n<th>Modell\/Bemerkung<\/th>\n<\/tr>\n<tr>\n<td colspan=3>\n<hr \/>\n<\/td>\n<\/tr>\n<tr>\n<td>1955, Mai<\/td>\n<td>10101 <\/td>\n<td>Erster MGA 1500 Roadster<\/td>\n<\/tr>\n<tr>\n<td>1956, Januar<\/td>\n<td>11145<\/td>\n<td><\/td>\n<\/tr>\n<tr>\n<td>1956, September<\/td>\n<td>20671<\/td>\n<td>Erstes  MGA 1500 Coup\u00e9<\/td>\n<\/tr>\n<tr>\n<td>1957, Januar<\/td>\n<td>24609<\/td>\n<td><\/td>\n<\/tr>\n<tr>\n<td>1958, Januar<\/td>\n<td>45411<\/td>\n<td><\/td>\n<\/tr>\n<tr>\n<td>1959, Januar<\/td>\n<td>61117<\/td>\n<td><\/td>\n<\/tr>\n<tr>\n<td>1959, Januar<\/td>\n<td>61504<\/td>\n<td>Einf\u00fchrung 15GD Motor<\/td>\n<\/tr>\n<tr>\n<td>1959, Mai<\/td>\n<td>68851<\/td>\n<td>Erster MGA 1600<\/td>\n<\/tr>\n<tr>\n<td>1960, Januar<\/td>\n<td>82921<\/td>\n<td><\/td>\n<\/tr>\n<tr>\n<td>1960, April<\/td>\n<td>91240<\/td>\n<td>Erstes MGA 1600 De-Luxe-Modell<\/td>\n<\/tr>\n<tr>\n<td>1961, Januar<\/td>\n<td>99946<\/td>\n<td><\/td>\n<\/tr>\n<tr>\n<td>1961, M\u00e4rz<\/td>\n<td>100352<\/td>\n<td>Erster MGA 1600 Mark II<\/td>\n<\/tr>\n<tr>\n<td>1961, Mai<\/td>\n<td>101010<\/td>\n<td>100.100 MGA<\/td>\n<\/tr>\n<tr>\n<td>1962, Januar<\/td>\n<td>106026<\/td>\n<td><\/td>\n<\/tr>\n<tr>\n<td>1962, Mai<\/td>\n<td>109070<\/td>\n<td>Letzter MGA<\/td>\n<\/tr>\n<tr>\n<td colspan=3>&nbsp;<br \/>Twin Cams<\/p>\n<hr \/>\n<\/td>\n<\/tr>\n<td>1958, April<\/td>\n<td>501<\/td>\n<td>Erster MGA Twin Cam<\/td>\n<tr>\n<td>1959, Januar<\/td>\n<td>1030<\/td>\n<td><\/td>\n<\/tr>\n<tr>\n<td>1960, Januar<\/td>\n<td>2560<\/td>\n<td><\/td>\n<\/tr>\n<tr>\n<td>1960, Mai<\/td>\n<td>2611<\/td>\n<td>Letzter MGA Twin Cam<\/td>\n<\/tr>\n<\/table>\n","protected":false},"excerpt":{"rendered":"<p>Produktionszahlen im Detail In der Tabelle deutlich zu erkennen ist die Wichtigkeit des amerikanischen Marktes f\u00fcr MG. Insgesamt wurden mehr als 80.000 Fahrzeuge (von Gesamt 101.081) in die USA exportiert. * &#8211; CKD = Complete Knock Down &#8211; vollst\u00e4ndig zerlegtes und in \u00dcberseekisten verpacktes Fahrzeug ** &#8211; einschl. einem nur als Fahrgestell (Fahrgestellnr. 1701) gelieferten [&#8230;]<\/p>\n","protected":false},"author":2,"featured_media":0,"parent":11,"menu_order":160,"comment_status":"open","ping_status":"open","template":"","meta":[],"_links":{"self":[{"href":"http:\/\/www.lampertheim-digital.de\/mg\/wp-json\/wp\/v2\/pages\/35"}],"collection":[{"href":"http:\/\/www.lampertheim-digital.de\/mg\/wp-json\/wp\/v2\/pages"}],"about":[{"href":"http:\/\/www.lampertheim-digital.de\/mg\/wp-json\/wp\/v2\/types\/page"}],"author":[{"embeddable":true,"href":"http:\/\/www.lampertheim-digital.de\/mg\/wp-json\/wp\/v2\/users\/2"}],"replies":[{"embeddable":true,"href":"http:\/\/www.lampertheim-digital.de\/mg\/wp-json\/wp\/v2\/comments?post=35"}],"version-history":[{"count":2,"href":"http:\/\/www.lampertheim-digital.de\/mg\/wp-json\/wp\/v2\/pages\/35\/revisions"}],"predecessor-version":[{"id":1985,"href":"http:\/\/www.lampertheim-digital.de\/mg\/wp-json\/wp\/v2\/pages\/35\/revisions\/1985"}],"up":[{"embeddable":true,"href":"http:\/\/www.lampertheim-digital.de\/mg\/wp-json\/wp\/v2\/pages\/11"}],"wp:attachment":[{"href":"http:\/\/www.lampertheim-digital.de\/mg\/wp-json\/wp\/v2\/media?parent=35"}],"curies":[{"name":"wp","href":"https:\/\/api.w.org\/{rel}","templated":true}]}}