{"id":275,"date":"2006-07-30T16:27:29","date_gmt":"2006-07-30T14:27:29","guid":{"rendered":"http:\/\/www.lampertheim-digital.de\/mg\/?page_id=275"},"modified":"2006-07-30T16:27:29","modified_gmt":"2006-07-30T14:27:29","slug":"about","status":"publish","type":"page","link":"http:\/\/www.lampertheim-digital.de\/mg\/about\/","title":{"rendered":"\u00fcber mich&#8230;"},"content":{"rendered":"<p>Hallo auf meiner kleinen MGA\/MGB Seite, hier sollt ihr etwas \u00fcber mich erfahren&#8230;<\/p>\n<p>Mein Name ist Holger Beck und ich bin 1969 geboren. Ich arbeite als Service-Elektroniker bei einer relativ gro\u00dfen Firma mit Hauptsitz in der Schweiz.<\/p>\n<p>Ich bin seit 1995 mit meiner Frau Petra verheiratet und wir leben im sch\u00f6nen s\u00fcdhessischen St\u00e4dtchen Lampertheim, im Dreieck zwischen Mannheim, Worms und Heidelberg.<\/p>\n<p>In h\u00e4uslicher Gemeinschaft \ud83d\ude09 leben bei uns zwei Katzen &#8211; Feiwel und Lisa &#8211; sowie unser Hund Emilie.<\/p>\n","protected":false},"excerpt":{"rendered":"<p>Hallo auf meiner kleinen MGA\/MGB Seite, hier sollt ihr etwas \u00fcber mich erfahren&#8230; Mein Name ist Holger Beck und ich bin 1969 geboren. Ich arbeite als Service-Elektroniker bei einer relativ gro\u00dfen Firma mit Hauptsitz in der Schweiz. Ich bin seit 1995 mit meiner Frau Petra verheiratet und wir leben im sch\u00f6nen s\u00fcdhessischen St\u00e4dtchen Lampertheim, im [&#8230;]<\/p>\n","protected":false},"author":2,"featured_media":0,"parent":0,"menu_order":0,"comment_status":"closed","ping_status":"open","template":"","meta":[],"_links":{"self":[{"href":"http:\/\/www.lampertheim-digital.de\/mg\/wp-json\/wp\/v2\/pages\/275"}],"collection":[{"href":"http:\/\/www.lampertheim-digital.de\/mg\/wp-json\/wp\/v2\/pages"}],"about":[{"href":"http:\/\/www.lampertheim-digital.de\/mg\/wp-json\/wp\/v2\/types\/page"}],"author":[{"embeddable":true,"href":"http:\/\/www.lampertheim-digital.de\/mg\/wp-json\/wp\/v2\/users\/2"}],"replies":[{"embeddable":true,"href":"http:\/\/www.lampertheim-digital.de\/mg\/wp-json\/wp\/v2\/comments?post=275"}],"version-history":[{"count":0,"href":"http:\/\/www.lampertheim-digital.de\/mg\/wp-json\/wp\/v2\/pages\/275\/revisions"}],"wp:attachment":[{"href":"http:\/\/www.lampertheim-digital.de\/mg\/wp-json\/wp\/v2\/media?parent=275"}],"curies":[{"name":"wp","href":"https:\/\/api.w.org\/{rel}","templated":true}]}}