{"id":25,"date":"2006-08-06T09:18:49","date_gmt":"2006-08-06T07:18:49","guid":{"rendered":"http:\/\/www.lampertheim-digital.de\/wordpress\/?page_id=25"},"modified":"2014-03-22T19:40:28","modified_gmt":"2014-03-22T18:40:28","slug":"bedienungsanleitung","status":"publish","type":"page","link":"http:\/\/www.lampertheim-digital.de\/mg\/bedienungsanleitung\/","title":{"rendered":"Bedienungsanleitung"},"content":{"rendered":"<p>Du bist zum ersten Mal hier und fragst dich &#8222;<em>Was soll das alles, wie funktioniert das hier ?<\/em>&#8220;<br \/>\nDann soll dir doch geholfen werden!<\/p>\n<p>Diese Seite ist ein sogenannter Blog &#8211; abgeleitet von We<em><strong>B LOG<\/strong><\/em>, also eine Art Internet Tagebuch.<\/p>\n<p>Mit diesem Blog m\u00f6chte ich die Geschichte meines MGBs dokumentieren &#8211; von Suche, \u00fcber Kauf, Restaurierung und Fahrten mit dem fertiggestellten Wagen.<\/p>\n<p><strong><em>Wie funktioniert das hier ?<\/em><\/strong><\/p>\n<p>Wie schon geschrieben ist das Ganze wie ein Tagebuch aufgebaut. Die einzelnen Eintr\u00e4ge sind sortiert nach Monaten und Jahren sowie unterteilt in Kategorien und k\u00f6nnen zum Beispiel \u00fcber das Archiv (Eintr\u00e4ge nach Monaten\/Jahren) oder \u00fcber die Kategorien abgerufen werden. Der neueste Artikel steht auf der <a title=\"Startseite\" href=\"http:\/\/www.lampertheim-digital.de\/mg\"><strong>Startseite<\/strong><\/a> immer ganz oben.<\/p>\n<p>Wenn du also das erste Mal hier bist und dich f\u00fcr die ganze Geschichte von Anfang an interessierts kannst du z.B. \u00fcber <a title=\"Die Idee\" href=\"http:\/\/www.lampertheim-digital.de\/mg\/die-idee\/\">Archiv \/ Juli 2006 \/ Die Idee<\/a> zum ersten Eintrag in meinem Blog kommen. (oder einfach auf den Link klicken!). Das Archiv findest du ganz unten rechts auf dieser Seite. Dort ist auch die Auswahlbox der Kategorien zu finden. Die Zahl in den Klammern hinter den Eintr\u00e4gen zeigt dir wie viele Eintr\u00e4ge pro Kategorie \/ Archiv Monat vorhanden sind.<\/p>\n<p>Wenn du auf <a title=\"Die Idee\" href=\"http:\/\/www.lampertheim-digital.de\/mg\/die-idee\/\">Archiv \/ Juli 2006 \/ Die Idee<\/a>\u00a0geklickt hast,\u00a0siehst du unten rechts den Link &#8222;<a title=\"Die Qual der Wahl\" href=\"http:\/\/www.lampertheim-digital.de\/mg\/die-quahl-der-wahl\/\">Die Qual der Wahl \u00bb<\/a>&#8220; &#8211; einfach darauf klicken um weiter zu lesen, so kannst du dich durch das ganze Blog lesen&#8230;<\/p>\n<p>Du siehst es gibt viele M\u00f6glichkeiten in dem Blog zu navigieren.<\/p>\n<p>Zudem hast du die M\u00f6glichkeit die Beitr\u00e4ge zu kommentieren und deine Anmerkungen und Gedanken zu hinterlassen.<\/p>\n<p><em style=\"line-height: 1.5em;\">\u00dcbrigens: Viele Bilder (eigentlich fast alle) lassen sich vergr\u00f6\u00dfern indem man auf sie klickt! Wenn der Mauszeiger sich beim bewegen \u00fcber das Bild ver\u00e4ndert oder das Bild sich schief stellt &#8211; einfach mal ausprobieren!<\/em><\/p>\n<p><strong><em>Kontakt<\/em><\/strong><\/p>\n<p>Wenn du Kontakt zu mir aufnehmen m\u00f6chtest steht dir das <a title=\"Kontakt\" href=\"http:\/\/www.lampertheim-digital.de\/mg\/kontakt\/\">Kontaktformular<\/a>\u00a0am Fu\u00df jeder Seite zur Verf\u00fcgung. Einfach ausf\u00fcllen und abschicken und ich werde versuchen dir schnellstm\u00f6glich antworten!<\/p>\n<p><strong><em>\u00a0<\/em><\/strong><\/p>\n","protected":false},"excerpt":{"rendered":"<p>Du bist zum ersten Mal hier und fragst dich &#8222;Was soll das alles, wie funktioniert das hier ?&#8220; Dann soll dir doch geholfen werden! Diese Seite ist ein sogenannter Blog &#8211; abgeleitet von WeB LOG, also eine Art Internet Tagebuch. Mit diesem Blog m\u00f6chte ich die Geschichte meines MGBs dokumentieren &#8211; von Suche, \u00fcber Kauf, [&#8230;]<\/p>\n","protected":false},"author":2,"featured_media":0,"parent":0,"menu_order":0,"comment_status":"open","ping_status":"open","template":"","meta":[],"_links":{"self":[{"href":"http:\/\/www.lampertheim-digital.de\/mg\/wp-json\/wp\/v2\/pages\/25"}],"collection":[{"href":"http:\/\/www.lampertheim-digital.de\/mg\/wp-json\/wp\/v2\/pages"}],"about":[{"href":"http:\/\/www.lampertheim-digital.de\/mg\/wp-json\/wp\/v2\/types\/page"}],"author":[{"embeddable":true,"href":"http:\/\/www.lampertheim-digital.de\/mg\/wp-json\/wp\/v2\/users\/2"}],"replies":[{"embeddable":true,"href":"http:\/\/www.lampertheim-digital.de\/mg\/wp-json\/wp\/v2\/comments?post=25"}],"version-history":[{"count":2,"href":"http:\/\/www.lampertheim-digital.de\/mg\/wp-json\/wp\/v2\/pages\/25\/revisions"}],"predecessor-version":[{"id":1093,"href":"http:\/\/www.lampertheim-digital.de\/mg\/wp-json\/wp\/v2\/pages\/25\/revisions\/1093"}],"wp:attachment":[{"href":"http:\/\/www.lampertheim-digital.de\/mg\/wp-json\/wp\/v2\/media?parent=25"}],"curies":[{"name":"wp","href":"https:\/\/api.w.org\/{rel}","templated":true}]}}