{"id":20,"date":"2006-08-05T15:40:00","date_gmt":"2006-08-05T13:40:00","guid":{"rendered":"http:\/\/www.lampertheim-digital.de\/wordpress\/?page_id=20"},"modified":"2014-03-26T19:38:43","modified_gmt":"2014-03-26T18:38:43","slug":"links","status":"publish","type":"page","link":"http:\/\/www.lampertheim-digital.de\/mg\/links\/","title":{"rendered":"Links"},"content":{"rendered":"<p>Die folgende Linkliste erhebt keinen Anspruch auf Vollst\u00e4ndigkeit.<br \/>\nFalls Links fehlen sollten w\u00fcrde ich mich \u00fcber eine kleine Nachricht sehr freuen&#8230;<\/p>\n","protected":false},"excerpt":{"rendered":"<p>Die folgende Linkliste erhebt keinen Anspruch auf Vollst\u00e4ndigkeit. Falls Links fehlen sollten w\u00fcrde ich mich \u00fcber eine kleine Nachricht sehr freuen&#8230;<\/p>\n","protected":false},"author":2,"featured_media":0,"parent":0,"menu_order":0,"comment_status":"open","ping_status":"open","template":"","meta":[],"_links":{"self":[{"href":"http:\/\/www.lampertheim-digital.de\/mg\/wp-json\/wp\/v2\/pages\/20"}],"collection":[{"href":"http:\/\/www.lampertheim-digital.de\/mg\/wp-json\/wp\/v2\/pages"}],"about":[{"href":"http:\/\/www.lampertheim-digital.de\/mg\/wp-json\/wp\/v2\/types\/page"}],"author":[{"embeddable":true,"href":"http:\/\/www.lampertheim-digital.de\/mg\/wp-json\/wp\/v2\/users\/2"}],"replies":[{"embeddable":true,"href":"http:\/\/www.lampertheim-digital.de\/mg\/wp-json\/wp\/v2\/comments?post=20"}],"version-history":[{"count":12,"href":"http:\/\/www.lampertheim-digital.de\/mg\/wp-json\/wp\/v2\/pages\/20\/revisions"}],"predecessor-version":[{"id":1387,"href":"http:\/\/www.lampertheim-digital.de\/mg\/wp-json\/wp\/v2\/pages\/20\/revisions\/1387"}],"wp:attachment":[{"href":"http:\/\/www.lampertheim-digital.de\/mg\/wp-json\/wp\/v2\/media?parent=20"}],"curies":[{"name":"wp","href":"https:\/\/api.w.org\/{rel}","templated":true}]}}