{"id":19,"date":"2006-08-02T19:16:06","date_gmt":"2006-08-02T17:16:06","guid":{"rendered":"http:\/\/www.lampertheim-digital.de\/wordpress\/?page_id=19"},"modified":"2014-03-30T11:42:13","modified_gmt":"2014-03-30T10:42:13","slug":"die-farben-des-mga","status":"publish","type":"page","link":"http:\/\/www.lampertheim-digital.de\/mg\/infoseiten-mga\/die-farben-des-mga\/","title":{"rendered":"Farben des MGA"},"content":{"rendered":"<p>Hier eine \u00dcbersicht der Farben (f\u00fcr die Einblendung des Farbnamens einfach die Maus \u00fcber die Farbe bewegen):<\/p>\n<table border=0>\n<tr>\n<td><img src=\"http:\/\/www.lampertheim-digital.de\/mg\/wp-content\/uploads\/2006\/08\/farben\/black.jpg\" title=\"Schwarz\" alt=\"Schwarz\"\/><\/td>\n<td><img src=\"http:\/\/www.lampertheim-digital.de\/mg\/wp-content\/uploads\/2006\/08\/farben\/old_english_white.jpg\" title=\"Old English White\" alt=\"Old English White\"\/><\/td>\n<td><img src=\"http:\/\/www.lampertheim-digital.de\/mg\/wp-content\/uploads\/2006\/08\/farben\/dove_gray.jpg\" title=\"Dove Gray\" alt=\"Dove Gray\"\/><\/td>\n<td><img src=\"http:\/\/www.lampertheim-digital.de\/mg\/wp-content\/uploads\/2006\/08\/farben\/orient_red.jpg\" title=\"Orient Red\" alt==\"Orient Red\"\/><\/td>\n<td><img src=\"http:\/\/www.lampertheim-digital.de\/mg\/wp-content\/uploads\/2006\/08\/farben\/chariot_red.jpg\" title=\"Chariot Red\" alt=\"Chariot Red\"\/><\/td>\n<td><img src=\"http:\/\/www.lampertheim-digital.de\/mg\/wp-content\/uploads\/2006\/08\/farben\/alamo_beige.jpg\" title=\"Alamo Beige\" alt=\"Alamo Beige\"\/><\/td>\n<\/tr>\n<tr>\n<td><img src=\"http:\/\/www.lampertheim-digital.de\/mg\/wp-content\/uploads\/2006\/08\/farben\/ash_green.jpg\" title=\"Ash Green\" alt=\"Ash Green\"\/><\/td>\n<td><img src=\"http:\/\/www.lampertheim-digital.de\/mg\/wp-content\/uploads\/2006\/08\/farben\/tyrolite_green.jpg\" title=\"Tyrolite Green\" alt=\"Tyrolite Green\"\/><\/td>\n<td><img src=\"http:\/\/www.lampertheim-digital.de\/mg\/wp-content\/uploads\/2006\/08\/farben\/island_green.jpg\" title=\"Island Green\" alt=\"Island Green\"\/><\/td>\n<td><img src=\"http:\/\/www.lampertheim-digital.de\/mg\/wp-content\/uploads\/2006\/08\/farben\/glacier_blue.jpg\" title=\"Glacier Blue\" alt=\"Glacier Blue\"\/><\/td>\n<td><img src=\"http:\/\/www.lampertheim-digital.de\/mg\/wp-content\/uploads\/2006\/08\/farben\/mineral_blue.jpg\" title=\"Mineral Blue\" alt=\"Mineral Blue\"\/><\/td>\n<td><img src=\"http:\/\/www.lampertheim-digital.de\/mg\/wp-content\/uploads\/2006\/08\/farben\/iris_blue.jpg\" title=\"Iris Blue\" alt=\"Iris Blue\"\/><\/td>\n<\/tr>\n<\/table>\n<p>Die Farben stimmen nicht 100% mit den original Farbcodes \u00fcberein, geben jedoch einen ungef\u00e4hren Eindruck der Farben wieder. Ich bin noch auf der Suche nach einer original Farbtabelle eines Farbherstellers.<\/p>\n<p><em><strong>wird in K\u00fcrze erweitert&#8230;<\/strong><\/em><\/p>\n","protected":false},"excerpt":{"rendered":"<p>Hier eine \u00dcbersicht der Farben (f\u00fcr die Einblendung des Farbnamens einfach die Maus \u00fcber die Farbe bewegen): Die Farben stimmen nicht 100% mit den original Farbcodes \u00fcberein, geben jedoch einen ungef\u00e4hren Eindruck der Farben wieder. Ich bin noch auf der Suche nach einer original Farbtabelle eines Farbherstellers. wird in K\u00fcrze erweitert&#8230;<\/p>\n","protected":false},"author":2,"featured_media":0,"parent":11,"menu_order":101,"comment_status":"open","ping_status":"open","template":"","meta":[],"_links":{"self":[{"href":"http:\/\/www.lampertheim-digital.de\/mg\/wp-json\/wp\/v2\/pages\/19"}],"collection":[{"href":"http:\/\/www.lampertheim-digital.de\/mg\/wp-json\/wp\/v2\/pages"}],"about":[{"href":"http:\/\/www.lampertheim-digital.de\/mg\/wp-json\/wp\/v2\/types\/page"}],"author":[{"embeddable":true,"href":"http:\/\/www.lampertheim-digital.de\/mg\/wp-json\/wp\/v2\/users\/2"}],"replies":[{"embeddable":true,"href":"http:\/\/www.lampertheim-digital.de\/mg\/wp-json\/wp\/v2\/comments?post=19"}],"version-history":[{"count":2,"href":"http:\/\/www.lampertheim-digital.de\/mg\/wp-json\/wp\/v2\/pages\/19\/revisions"}],"predecessor-version":[{"id":1583,"href":"http:\/\/www.lampertheim-digital.de\/mg\/wp-json\/wp\/v2\/pages\/19\/revisions\/1583"}],"up":[{"embeddable":true,"href":"http:\/\/www.lampertheim-digital.de\/mg\/wp-json\/wp\/v2\/pages\/11"}],"wp:attachment":[{"href":"http:\/\/www.lampertheim-digital.de\/mg\/wp-json\/wp\/v2\/media?parent=19"}],"curies":[{"name":"wp","href":"https:\/\/api.w.org\/{rel}","templated":true}]}}