{"id":17,"date":"2006-08-02T17:27:40","date_gmt":"2006-08-02T15:27:40","guid":{"rendered":"http:\/\/www.lampertheim-digital.de\/wordpress\/?page_id=17"},"modified":"2014-03-30T11:46:12","modified_gmt":"2014-03-30T10:46:12","slug":"literatur-zum-mga","status":"publish","type":"page","link":"http:\/\/www.lampertheim-digital.de\/mg\/infoseiten-mga\/literatur-zum-mga\/","title":{"rendered":"Literatur Empfehlungen MGA"},"content":{"rendered":"<p>Hier m\u00f6chte ich einige B\u00fccher zum Thema MGA vorstellen. Sicherlich gibt es noch einige mehr als die hier beschriebenen aber ich kann nur \u00fcber die schreiben die ich auch besitze oder die ich zumindest gelesen habe \ud83d\ude09 .<\/p>\n<p><img title=\"MGA Das Original\" alt=\"MGA Das Original\" src=\"\/mg\/wp-content\/uploads\/2006\/08\/mga_das_original.jpg\"\/> <\/p>\n<p><strong>MGA Das Original<\/strong><br \/>\n<em>Alle Roadster- und Coup\u00e9modelle einschlie\u00dflich Twin Cam<\/em> <\/p>\n<p>von A.D. Clausager (Text) und Paul Debois (Fotos)<\/p>\n<p>Sehr empfehlenswertes Buch. Viele Farbfotos und ein sehr gut geschriebener Text der so ziemlich alle Fragen zum Thema Originalit\u00e4t beantwortet.<\/p>\n<p>Quasi ein must-have f\u00fcr den MGA Fan<\/p>\n<ul>\n<li type=\"square\">Erscheinungsjahr: 2003 (deutsch) bzw. 1993 (englisch)<\/li>\n<li type=\"square\">Verlag: <a href=\"http:\/\/www.heel-verlag.de\" target=\"_blank\">Heel Verlag GmbH<\/a><\/li>\n<li type=\"square\">Sprache: Deutsch (Englischer Titel: The Original MGA)<\/li>\n<li type=\"square\">ISBN: 3-89880-107-1<\/li>\n<\/ul>\n<hr width=95%\/><\/p>\n<p><img title=\"Der MGA, MGB und MGC\" alt=\"Der MGA, MGB und MGC\" src=\"\/mg\/wp-content\/uploads\/2006\/08\/mga_mgb_mgc.jpg\"\/><\/p>\n<p><em>Collectors Guide<\/em><br \/>\n<strong>Der MGA, MGB &#038; MGC<\/strong><br \/>\n<em>Edition Plus <\/em><\/p>\n<p>von Graham Robson  <\/p>\n<p>Ebenfalls sehr gutes Buch zu den drei MG Modellen. Leider \u00fcberwiegend schwarz\/weiss Fotos aber die Meisten in recht guter Qualit\u00e4t. <\/p>\n<ul>\n<li type=\"square\">Erscheinungsjahr: 1978 (Originalausgabe), Edition Plus (2002)<\/li>\n<li type=\"square\">Verlag: <a href=\"http:\/\/www.heel-verlag.de\" target=\"_blank\">Heel Verlag GmbH<\/a><\/li>\n<li type=\"square\">Sprache: Deutsch (Englischer Titel: The MGA, MGB &#038; MGC)<\/li>\n<li type=\"square\">ISBN: 3-906477-11-8<\/li>\n<\/ul>\n<hr width=95%\/><\/p>\n<p><img title=\"Schrader Motor-Chronik, MGA, MGB, MGC, Roadster und Coupes 1955-81\" alt=\"Schrader Motor-Chronik, MGA, MGB, MGC, Roadster und Coupes 1955-81\" src=\"\/mg\/wp-content\/uploads\/2006\/08\/motorchronik.jpg\"\/><\/p>\n<p><strong>Schrader Motor-Chronik, MGA, MGB, MGC,<br \/>Roadster und Coupes 1955-81<\/strong><\/p>\n<p>von Walter Zeichner <\/p>\n<p>Sch\u00f6nes Buch mit einem Abriss der Geschichte und vielen Bildern aus der Werbung (Prospekte und Zeitungswerbung) \u00fcber die MGs. Viele Bilder in schwarz\/weiss und Farbe.<\/p>\n<ul>\n<li type=\"square\">Erscheinungsjahr: 1990<\/li>\n<li type=\"square\">Verlag: Motorbuch Verlag<\/li>\n<li type=\"square\">Sprache: Deutsch<\/li>\n<li type=\"square\">ISBN: 3922617670<\/li>\n<\/ul>\n<hr width=95%\/><\/p>\n<p><img title=\"MGA Owners Workshop Manual\" alt=\"MGA Owners Workshop Manual\" src=\"\/mg\/wp-content\/uploads\/2006\/08\/mga_owners Workshop Manual.jpg\"\/><\/p>\n<p><em>1955 to 1962<\/em><br \/>\n<strong>MGA Owners Workshop Manual<\/strong><br \/>\n<em>All Models &#8211; ohv &#8211; dohc<\/em><\/p>\n<p>von JH Haynes und Ian Coomber<\/p>\n<ul>\n<li type=\"square\">Erscheinungsjahr: 1980 (Originalausgabe)<\/li>\n<li type=\"square\">Verlag: <a href=\"http:\/\/www.haynes.com\" target=\"_blank\">Haynes Verlag GmbH<\/a><\/li>\n<li type=\"square\">Sprache: Englisch<\/li>\n<li type=\"square\">ISBN: 0-85696-475-1<\/li>\n<\/ul>\n<hr width=95%\/><\/p>\n<p><img title=\"Technisches W\u00f6rterbuch\" alt=\"Technisches W\u00f6rterbuch\" src=\"\/mg\/wp-content\/uploads\/2006\/08\/technisches_woerterbuch.jpg\"\/><\/p>\n<p><strong>Technisches W\u00f6rterbuch<\/strong><br \/>\n<em>Englisch &#8211; Deutsch<\/em><\/p>\n<p>kein Buch direkt zum Thema MGA oder MG aber ich finde es wichtig es hier zu erw\u00e4hnen. Dieses kleine B\u00fcchlein gibt es gratis zu den Haynes-Reparaturanleitungen. Manche H\u00e4ndler haben aber davon noch nie etwas geh\u00f6rt ! Daher gilt: lass dich nicht verarschen und frag nach wenn es der H\u00e4ndler nicht von sich aus anbietet ! \ud83d\ude09<\/p>\n<ul>\n<li type=\"square\">Verlag: <a href=\"http:\/\/www.haynes.com\" target=\"_blank\">Haynes Verlag GmbH<\/a><\/li>\n<\/ul>\n","protected":false},"excerpt":{"rendered":"<p>Hier m\u00f6chte ich einige B\u00fccher zum Thema MGA vorstellen. Sicherlich gibt es noch einige mehr als die hier beschriebenen aber ich kann nur \u00fcber die schreiben die ich auch besitze oder die ich zumindest gelesen habe \ud83d\ude09 . MGA Das Original Alle Roadster- und Coup\u00e9modelle einschlie\u00dflich Twin Cam von A.D. Clausager (Text) und Paul Debois [&#8230;]<\/p>\n","protected":false},"author":2,"featured_media":0,"parent":11,"menu_order":103,"comment_status":"open","ping_status":"open","template":"","meta":[],"_links":{"self":[{"href":"http:\/\/www.lampertheim-digital.de\/mg\/wp-json\/wp\/v2\/pages\/17"}],"collection":[{"href":"http:\/\/www.lampertheim-digital.de\/mg\/wp-json\/wp\/v2\/pages"}],"about":[{"href":"http:\/\/www.lampertheim-digital.de\/mg\/wp-json\/wp\/v2\/types\/page"}],"author":[{"embeddable":true,"href":"http:\/\/www.lampertheim-digital.de\/mg\/wp-json\/wp\/v2\/users\/2"}],"replies":[{"embeddable":true,"href":"http:\/\/www.lampertheim-digital.de\/mg\/wp-json\/wp\/v2\/comments?post=17"}],"version-history":[{"count":4,"href":"http:\/\/www.lampertheim-digital.de\/mg\/wp-json\/wp\/v2\/pages\/17\/revisions"}],"predecessor-version":[{"id":1586,"href":"http:\/\/www.lampertheim-digital.de\/mg\/wp-json\/wp\/v2\/pages\/17\/revisions\/1586"}],"up":[{"embeddable":true,"href":"http:\/\/www.lampertheim-digital.de\/mg\/wp-json\/wp\/v2\/pages\/11"}],"wp:attachment":[{"href":"http:\/\/www.lampertheim-digital.de\/mg\/wp-json\/wp\/v2\/media?parent=17"}],"curies":[{"name":"wp","href":"https:\/\/api.w.org\/{rel}","templated":true}]}}