{"id":1654,"date":"2016-09-15T16:50:13","date_gmt":"2016-09-15T15:50:13","guid":{"rendered":"http:\/\/www.lampertheim-digital.de\/mg\/?page_id=1654"},"modified":"2016-09-15T16:54:22","modified_gmt":"2016-09-15T15:54:22","slug":"musik-zum-thema-mgb","status":"publish","type":"page","link":"http:\/\/www.lampertheim-digital.de\/mg\/infoseiten-mgb\/musik-zum-thema-mgb\/","title":{"rendered":"Musik zum Thema MGB"},"content":{"rendered":"<p>Eine Sache die bisher (seltsamerweise) immer an mir vorbei gegangen ist ist die Tatsache, dass es mindestens ein bekanntes Lied \u00fcber den MGB gibt &#8211; unglaublich!<\/p>\n<p>Der S\u00e4nger ist Peter Tork, der als Bassist der Popgruppe &#8222;The Monkees&#8220; bekannt wurde.<\/p>\n<p>Der Song hei\u00dft MGB-GT (wie auch sonst \ud83d\ude09 ) und ist zum Beispiel als Video &#8211; mehr eine Abfolge von Bildern &#8211; auf <a href=\"https:\/\/www.youtube.com\/watch?v=BSSA9vFkfCE\" target=\"_blank\"><strong>Youtube zu finden<\/strong><\/a>.<\/p>\n<p>Hier der Text: <\/p>\n<p>Lately, my mind is driftin back to former days that used to be<br \/>\nI think about some folks I knew and of my MGB-GT<br \/>\nPeople, let me tell you that if I had to make a recipe<br \/>\nFor fun in driving, I would have to spell it MGB-GT<\/p>\n<p>Cruising, choosing, using<br \/>\nAnd amusing myself, not a care<br \/>\nStriving, thriving, hot rod driving<br \/>\nNot arriving anywhere<\/p>\n<p>Folks, this little car of mine was like a kitten purring throatily<br \/>\nSometimes, it even seemed to soar into the heavens, my red MGB-GT<\/p>\n<p>Tooling, fueling my good feeling<br \/>\nSchooling me in ways to know<br \/>\nSoaring, flooring it, adoring it<br \/>\nMy little way to go<\/p>\n<p>Folks, this little car of mine was like a kitten purring throatily<br \/>\nSometimes, it even seemed to soar into the heavens, my red MGB-GT<\/p>\n<p>(But I) I learned you have to lose some things<br \/>\nBefore you treasure them, thats how it goes<br \/>\n(And I) I didnt give time to my car<br \/>\nAnd lost my car to time, what did I know?<\/p>\n<p>And so, life carries on, and lots of things are better now for me<br \/>\nAnd yet, I think back on those golden times when I had my red MGB-GT<br \/>\nYeah<\/p>\n<p>(But I)<br \/>\n(And I)<\/p>\n<p>And so, life carries on, and lots of things are better now for me<br \/>\nAnd yet, I think back on those golden times when I had my red MGB-GT<br \/>\nMy B-GT<br \/>\nMy little red MG<br \/>\nMy MGB-GT, MGB, B-GT<\/p>\n","protected":false},"excerpt":{"rendered":"<p>Eine Sache die bisher (seltsamerweise) immer an mir vorbei gegangen ist ist die Tatsache, dass es mindestens ein bekanntes Lied \u00fcber den MGB gibt &#8211; unglaublich! Der S\u00e4nger ist Peter Tork, der als Bassist der Popgruppe &#8222;The Monkees&#8220; bekannt wurde. Der Song hei\u00dft MGB-GT (wie auch sonst \ud83d\ude09 ) und ist zum Beispiel als Video [&#8230;]<\/p>\n","protected":false},"author":2,"featured_media":0,"parent":864,"menu_order":257,"comment_status":"open","ping_status":"closed","template":"","meta":[],"_links":{"self":[{"href":"http:\/\/www.lampertheim-digital.de\/mg\/wp-json\/wp\/v2\/pages\/1654"}],"collection":[{"href":"http:\/\/www.lampertheim-digital.de\/mg\/wp-json\/wp\/v2\/pages"}],"about":[{"href":"http:\/\/www.lampertheim-digital.de\/mg\/wp-json\/wp\/v2\/types\/page"}],"author":[{"embeddable":true,"href":"http:\/\/www.lampertheim-digital.de\/mg\/wp-json\/wp\/v2\/users\/2"}],"replies":[{"embeddable":true,"href":"http:\/\/www.lampertheim-digital.de\/mg\/wp-json\/wp\/v2\/comments?post=1654"}],"version-history":[{"count":1,"href":"http:\/\/www.lampertheim-digital.de\/mg\/wp-json\/wp\/v2\/pages\/1654\/revisions"}],"predecessor-version":[{"id":1655,"href":"http:\/\/www.lampertheim-digital.de\/mg\/wp-json\/wp\/v2\/pages\/1654\/revisions\/1655"}],"up":[{"embeddable":true,"href":"http:\/\/www.lampertheim-digital.de\/mg\/wp-json\/wp\/v2\/pages\/864"}],"wp:attachment":[{"href":"http:\/\/www.lampertheim-digital.de\/mg\/wp-json\/wp\/v2\/media?parent=1654"}],"curies":[{"name":"wp","href":"https:\/\/api.w.org\/{rel}","templated":true}]}}