{"id":1376,"date":"2014-03-26T19:33:35","date_gmt":"2014-03-26T18:33:35","guid":{"rendered":"http:\/\/www.lampertheim-digital.de\/mg\/?page_id=1376"},"modified":"2014-03-26T19:41:40","modified_gmt":"2014-03-26T18:41:40","slug":"links-reisen","status":"publish","type":"page","link":"http:\/\/www.lampertheim-digital.de\/mg\/links\/links-reisen\/","title":{"rendered":"Reisen"},"content":{"rendered":"<p>Die folgende Linkliste erhebt keinen Anspruch auf Vollst\u00e4ndigkeit.<br \/>\nFalls Links fehlen sollten w\u00fcrde ich mich \u00fcber eine kleine Nachricht sehr freuen&#8230;<\/p>\n<p>&nbsp;<\/p>\n<p>&nbsp;<\/p>\n<h2>Reisen<\/h2>\n<p>&nbsp;<\/p>\n<!-- pLinks Plugin Output --><div class=\"post plinks\"><h2><a class=\"relatedlink\" href=\"http:\/\/www.bedandbreakfastnationwide.com\/bbnHome.cfm\" target=\"\">Bed &amp; Breakfast Nationwide<\/a><\/h2> <div style=\"float:left; padding-right:0.5em; padding-bottom:0.5em;\">\r\n                                <img src=\"http:\/\/free.pagepeeker.com\/v2\/thumbs.php?size=x&url=http:\/\/www.bedandbreakfastnationwide.com\/bbnHome.cfm\" border=\"0\" \/>\r\n\t\t\t\t\t\t    \t<\/div> <div class=\"postentry\"><p><br \/><\/p><\/div><\/div><div class=\"post plinks\"><h2><a class=\"relatedlink\" href=\"http:\/\/www.bedandbreakfast-directory.co.uk\/\" target=\"\">Bed and Breakfast B&amp;B, Hotel, Guest House Accommodation directory<\/a><\/h2> <div style=\"float:left; padding-right:0.5em; padding-bottom:0.5em;\">\r\n                                <img src=\"http:\/\/free.pagepeeker.com\/v2\/thumbs.php?size=x&url=http:\/\/www.bedandbreakfast-directory.co.uk\/\" border=\"0\" \/>\r\n\t\t\t\t\t\t    \t<\/div> <div class=\"postentry\"><p><br \/><\/p><\/div><\/div><div class=\"post plinks\"><h2><a class=\"relatedlink\" href=\"http:\/\/www.bedandbreakfasts-uk.co.uk\/\" target=\"\">Bed and Breakfasts UK<\/a><\/h2> <div style=\"float:left; padding-right:0.5em; padding-bottom:0.5em;\">\r\n                                <img src=\"http:\/\/free.pagepeeker.com\/v2\/thumbs.php?size=x&url=http:\/\/www.bedandbreakfasts-uk.co.uk\/\" border=\"0\" \/>\r\n\t\t\t\t\t\t    \t<\/div> <div class=\"postentry\"><p><br \/><\/p><\/div><\/div><div class=\"post plinks\"><h2><a class=\"relatedlink\" href=\"http:\/\/www.btco.de\" target=\"\">British Travel Company<\/a><\/h2> <div style=\"float:left; padding-right:0.5em; padding-bottom:0.5em;\">\r\n                                <img src=\"http:\/\/free.pagepeeker.com\/v2\/thumbs.php?size=x&url=http:\/\/www.btco.de\" border=\"0\" \/>\r\n\t\t\t\t\t\t    \t<\/div> <div class=\"postentry\"><p><br \/><\/p><\/div><\/div><div class=\"post plinks\"><h2><a class=\"relatedlink\" href=\"http:\/\/www.directferries.de\/\" target=\"\">F\u00e4hre nach England, Irland, Korsika, Sardinien, Schweden und Norwegen<\/a><\/h2> <div style=\"float:left; padding-right:0.5em; padding-bottom:0.5em;\">\r\n                                <img src=\"http:\/\/free.pagepeeker.com\/v2\/thumbs.php?size=x&url=http:\/\/www.directferries.de\/\" border=\"0\" \/>\r\n\t\t\t\t\t\t    \t<\/div> <div class=\"postentry\"><p><br \/><\/p><\/div><\/div><div class=\"post plinks\"><h2><a class=\"relatedlink\" href=\"http:\/\/www.guestaccom.co.uk\/\" target=\"\">GuestAccom - The UK Bed &amp; Breakfast Accommodation Guide<\/a><\/h2> <div style=\"float:left; padding-right:0.5em; padding-bottom:0.5em;\">\r\n                                <img src=\"http:\/\/free.pagepeeker.com\/v2\/thumbs.php?size=x&url=http:\/\/www.guestaccom.co.uk\/\" border=\"0\" \/>\r\n\t\t\t\t\t\t    \t<\/div> <div class=\"postentry\"><p><br \/><\/p><\/div><\/div><div class=\"post plinks\"><h2><a class=\"relatedlink\" href=\"http:\/\/www.england-ferien.de\/\" target=\"\">Reisen nach England, Schottland, Wales<\/a><\/h2> <div style=\"float:left; padding-right:0.5em; padding-bottom:0.5em;\">\r\n                                <img src=\"http:\/\/free.pagepeeker.com\/v2\/thumbs.php?size=x&url=http:\/\/www.england-ferien.de\/\" border=\"0\" \/>\r\n\t\t\t\t\t\t    \t<\/div> <div class=\"postentry\"><p><br \/><\/p><\/div><\/div><div class=\"post plinks\"><h2><a class=\"relatedlink\" href=\"http:\/\/www.travelling-britain.com\" target=\"\">travelling-BRITAIN<\/a><\/h2> <div style=\"float:left; padding-right:0.5em; padding-bottom:0.5em;\">\r\n                                <img src=\"http:\/\/free.pagepeeker.com\/v2\/thumbs.php?size=x&url=http:\/\/www.travelling-britain.com\" border=\"0\" \/>\r\n\t\t\t\t\t\t    \t<\/div> <div class=\"postentry\"><p><br \/><\/p><\/div><\/div><div class=\"post plinks\"><h2><a class=\"relatedlink\" href=\"http:\/\/www.visitus.co.uk\/\" target=\"\">UK Bed and Breakfast Guesthouses, UK hotels and B&amp;B guide<\/a><\/h2> <div style=\"float:left; padding-right:0.5em; padding-bottom:0.5em;\">\r\n                                <img src=\"http:\/\/free.pagepeeker.com\/v2\/thumbs.php?size=x&url=http:\/\/www.visitus.co.uk\/\" border=\"0\" \/>\r\n\t\t\t\t\t\t    \t<\/div> <div class=\"postentry\"><p><br \/><\/p><\/div><\/div><div class=\"post plinks\"><h2><a class=\"relatedlink\" href=\"http:\/\/www.visitbritain.de\/\" target=\"\">Visit Britain<\/a><\/h2> <div style=\"float:left; padding-right:0.5em; padding-bottom:0.5em;\">\r\n                                <img src=\"http:\/\/free.pagepeeker.com\/v2\/thumbs.php?size=x&url=http:\/\/www.visitbritain.de\/\" border=\"0\" \/>\r\n\t\t\t\t\t\t    \t<\/div> <div class=\"postentry\"><p><br \/><\/p><\/div><\/div><br \/><p style=\"text-align: center; font-size:11px;\">Linkdirectory made with <a href=\"https:\/\/powie.de\" target=\"_blank\">Powies<\/a> pLinks Plugin 1.0.2<\/p><!-- \/pLinks Plugin Output -->\n","protected":false},"excerpt":{"rendered":"<p>Die folgende Linkliste erhebt keinen Anspruch auf Vollst\u00e4ndigkeit. Falls Links fehlen sollten w\u00fcrde ich mich \u00fcber eine kleine Nachricht sehr freuen&#8230; &nbsp; &nbsp; Reisen &nbsp; Bed &amp; Breakfast Nationwide Bed and Breakfast B&amp;B, Hotel, Guest House Accommodation directory Bed and Breakfasts UK British Travel Company F\u00e4hre nach England, Irland, Korsika, Sardinien, Schweden und Norwegen GuestAccom [&#8230;]<\/p>\n","protected":false},"author":1,"featured_media":0,"parent":20,"menu_order":0,"comment_status":"open","ping_status":"closed","template":"","meta":[],"_links":{"self":[{"href":"http:\/\/www.lampertheim-digital.de\/mg\/wp-json\/wp\/v2\/pages\/1376"}],"collection":[{"href":"http:\/\/www.lampertheim-digital.de\/mg\/wp-json\/wp\/v2\/pages"}],"about":[{"href":"http:\/\/www.lampertheim-digital.de\/mg\/wp-json\/wp\/v2\/types\/page"}],"author":[{"embeddable":true,"href":"http:\/\/www.lampertheim-digital.de\/mg\/wp-json\/wp\/v2\/users\/1"}],"replies":[{"embeddable":true,"href":"http:\/\/www.lampertheim-digital.de\/mg\/wp-json\/wp\/v2\/comments?post=1376"}],"version-history":[{"count":2,"href":"http:\/\/www.lampertheim-digital.de\/mg\/wp-json\/wp\/v2\/pages\/1376\/revisions"}],"predecessor-version":[{"id":1397,"href":"http:\/\/www.lampertheim-digital.de\/mg\/wp-json\/wp\/v2\/pages\/1376\/revisions\/1397"}],"up":[{"embeddable":true,"href":"http:\/\/www.lampertheim-digital.de\/mg\/wp-json\/wp\/v2\/pages\/20"}],"wp:attachment":[{"href":"http:\/\/www.lampertheim-digital.de\/mg\/wp-json\/wp\/v2\/media?parent=1376"}],"curies":[{"name":"wp","href":"https:\/\/api.w.org\/{rel}","templated":true}]}}