{"id":1358,"date":"2014-03-26T19:30:34","date_gmt":"2014-03-26T18:30:34","guid":{"rendered":"http:\/\/www.lampertheim-digital.de\/mg\/?page_id=1358"},"modified":"2014-03-26T19:40:48","modified_gmt":"2014-03-26T18:40:48","slug":"links-mgb","status":"publish","type":"page","link":"http:\/\/www.lampertheim-digital.de\/mg\/links\/links-mgb\/","title":{"rendered":"MGB"},"content":{"rendered":"<p>Die folgende Linkliste erhebt keinen Anspruch auf Vollst\u00e4ndigkeit.<br \/>\nFalls Links fehlen sollten w\u00fcrde ich mich \u00fcber eine kleine Nachricht sehr freuen&#8230;<\/p>\n<p>&nbsp;<\/p>\n<p>&nbsp;<\/p>\n<h2>MGB Links<\/h2>\n<p>&nbsp;<\/p>\n<!-- pLinks Plugin Output --><div class=\"post plinks\"><h2><a class=\"relatedlink\" href=\"http:\/\/www.rc-tech.net\/MGB\/\" target=\"\">1964 MGB Restoration<\/a><\/h2> <div style=\"float:left; padding-right:0.5em; padding-bottom:0.5em;\">\r\n                                <img src=\"http:\/\/free.pagepeeker.com\/v2\/thumbs.php?size=x&url=http:\/\/www.rc-tech.net\/MGB\/\" border=\"0\" \/>\r\n\t\t\t\t\t\t    \t<\/div> <div class=\"postentry\"><p><br \/><\/p><\/div><\/div><div class=\"post plinks\"><h2><a class=\"relatedlink\" href=\"http:\/\/robertgt.tripod.com\/77MGB\/index.html\" target=\"\">1977 MGB Restoration Project<\/a><\/h2> <div style=\"float:left; padding-right:0.5em; padding-bottom:0.5em;\">\r\n                                <img src=\"http:\/\/free.pagepeeker.com\/v2\/thumbs.php?size=x&url=http:\/\/robertgt.tripod.com\/77MGB\/index.html\" border=\"0\" \/>\r\n\t\t\t\t\t\t    \t<\/div> <div class=\"postentry\"><p><br \/><\/p><\/div><\/div><div class=\"post plinks\"><h2><a class=\"relatedlink\" href=\"http:\/\/www.an-mg-is-born.com\/\" target=\"\">A MG is born<\/a><\/h2> <div style=\"float:left; padding-right:0.5em; padding-bottom:0.5em;\">\r\n                                <img src=\"http:\/\/free.pagepeeker.com\/v2\/thumbs.php?size=x&url=http:\/\/www.an-mg-is-born.com\/\" border=\"0\" \/>\r\n\t\t\t\t\t\t    \t<\/div> <div class=\"postentry\"><p><br \/><\/p><\/div><\/div><div class=\"post plinks\"><h2><a class=\"relatedlink\" href=\"http:\/\/www.advanceautowire.com\" target=\"\">Advance Autowire<\/a><\/h2> <div style=\"float:left; padding-right:0.5em; padding-bottom:0.5em;\">\r\n                                <img src=\"http:\/\/free.pagepeeker.com\/v2\/thumbs.php?size=x&url=http:\/\/www.advanceautowire.com\" border=\"0\" \/>\r\n\t\t\t\t\t\t    \t<\/div> <div class=\"postentry\"><p><br \/><\/p><\/div><\/div><div class=\"post plinks\"><h2><a class=\"relatedlink\" href=\"http:\/\/www.mgclub.org\/\" target=\"\">American MGB Association - For all year MGBs, MGB-GTs and Midgets<\/a><\/h2> <div style=\"float:left; padding-right:0.5em; padding-bottom:0.5em;\">\r\n                                <img src=\"http:\/\/free.pagepeeker.com\/v2\/thumbs.php?size=x&url=http:\/\/www.mgclub.org\/\" border=\"0\" \/>\r\n\t\t\t\t\t\t    \t<\/div> <div class=\"postentry\"><p><br \/><\/p><\/div><\/div><div class=\"post plinks\"><h2><a class=\"relatedlink\" href=\"http:\/\/www.ph.utexas.edu\/~yue\/MGPage.html\" target=\"\">Andrew Yue's MG Home Page<\/a><\/h2> <div style=\"float:left; padding-right:0.5em; padding-bottom:0.5em;\">\r\n                                <img src=\"http:\/\/free.pagepeeker.com\/v2\/thumbs.php?size=x&url=http:\/\/www.ph.utexas.edu\/~yue\/MGPage.html\" border=\"0\" \/>\r\n\t\t\t\t\t\t    \t<\/div> <div class=\"postentry\"><p><br \/><\/p><\/div><\/div><div class=\"post plinks\"><h2><a class=\"relatedlink\" href=\"http:\/\/www.autochart.com\/MGB_info.htm\" target=\"\">Autochart.com<\/a><\/h2> <div style=\"float:left; padding-right:0.5em; padding-bottom:0.5em;\">\r\n                                <img src=\"http:\/\/free.pagepeeker.com\/v2\/thumbs.php?size=x&url=http:\/\/www.autochart.com\/MGB_info.htm\" border=\"0\" \/>\r\n\t\t\t\t\t\t    \t<\/div> <div class=\"postentry\"><p><br \/><\/p><\/div><\/div><div class=\"post plinks\"><h2><a class=\"relatedlink\" href=\"http:\/\/www.bits4brits.net\" target=\"\">Bits4Brits<\/a><\/h2> <div style=\"float:left; padding-right:0.5em; padding-bottom:0.5em;\">\r\n                                <img src=\"http:\/\/free.pagepeeker.com\/v2\/thumbs.php?size=x&url=http:\/\/www.bits4brits.net\" border=\"0\" \/>\r\n\t\t\t\t\t\t    \t<\/div> <div class=\"postentry\"><p><br \/><\/p><\/div><\/div><div class=\"post plinks\"><h2><a class=\"relatedlink\" href=\"http:\/\/www.garage24.net\" target=\"\">garage24.net<\/a><\/h2> <div style=\"float:left; padding-right:0.5em; padding-bottom:0.5em;\">\r\n                                <img src=\"http:\/\/free.pagepeeker.com\/v2\/thumbs.php?size=x&url=http:\/\/www.garage24.net\" border=\"0\" \/>\r\n\t\t\t\t\t\t    \t<\/div> <div class=\"postentry\"><p><br \/><\/p><\/div><\/div><div class=\"post plinks\"><h2><a class=\"relatedlink\" href=\"http:\/\/www.britishv8.org\/Articles\/Sebring-Fender-Flares.htm\" target=\"\">Installing Fiberglass Fender Flares (MGB \"Sebring\" Style)<\/a><\/h2> <div style=\"float:left; padding-right:0.5em; padding-bottom:0.5em;\">\r\n                                <img src=\"http:\/\/free.pagepeeker.com\/v2\/thumbs.php?size=x&url=http:\/\/www.britishv8.org\/Articles\/Sebring-Fender-Flares.htm\" border=\"0\" \/>\r\n\t\t\t\t\t\t    \t<\/div> <div class=\"postentry\"><p><br \/><\/p><\/div><\/div><div class=\"post plinks\"><h2><a class=\"relatedlink\" href=\"http:\/\/home.arcor.de\/mgbinfo\/Mainframe.htm\" target=\"\">MG-B.de die Infoseite f\u00fcr den MGB<\/a><\/h2> <div style=\"float:left; padding-right:0.5em; padding-bottom:0.5em;\">\r\n                                <img src=\"http:\/\/free.pagepeeker.com\/v2\/thumbs.php?size=x&url=http:\/\/home.arcor.de\/mgbinfo\/Mainframe.htm\" border=\"0\" \/>\r\n\t\t\t\t\t\t    \t<\/div> <div class=\"postentry\"><p><br \/><\/p><\/div><\/div><div class=\"post plinks\"><h2><a class=\"relatedlink\" href=\"http:\/\/escape.to\/mgcarsaustria\" target=\"\">MG-Cars in Austria<\/a><\/h2> <div style=\"float:left; padding-right:0.5em; padding-bottom:0.5em;\">\r\n                                <img src=\"http:\/\/free.pagepeeker.com\/v2\/thumbs.php?size=x&url=http:\/\/escape.to\/mgcarsaustria\" border=\"0\" \/>\r\n\t\t\t\t\t\t    \t<\/div> <div class=\"postentry\"><p><br \/><\/p><\/div><\/div><div class=\"post plinks\"><h2><a class=\"relatedlink\" href=\"http:\/\/www.mossmotors.com\/Shop\/ViewProducts.aspx?PlateIndexID=54142\" target=\"\">MGB - Upper Steering Column Bearing Kit, 1973-'80<\/a><\/h2> <div style=\"float:left; padding-right:0.5em; padding-bottom:0.5em;\">\r\n                                <img src=\"http:\/\/free.pagepeeker.com\/v2\/thumbs.php?size=x&url=http:\/\/www.mossmotors.com\/Shop\/ViewProducts.aspx?PlateIndexID=54142\" border=\"0\" \/>\r\n\t\t\t\t\t\t    \t<\/div> <div class=\"postentry\"><p><br \/><\/p><\/div><\/div><div class=\"post plinks\"><h2><a class=\"relatedlink\" href=\"http:\/\/www.asvl47.dsl.pipex.com\/mgb_chrome\/\" target=\"\">MGB Chrome Bumper Conversion<\/a><\/h2> <div style=\"float:left; padding-right:0.5em; padding-bottom:0.5em;\">\r\n                                <img src=\"http:\/\/free.pagepeeker.com\/v2\/thumbs.php?size=x&url=http:\/\/www.asvl47.dsl.pipex.com\/mgb_chrome\/\" border=\"0\" \/>\r\n\t\t\t\t\t\t    \t<\/div> <div class=\"postentry\"><p><br \/><\/p><\/div><\/div><div class=\"post plinks\"><h2><a class=\"relatedlink\" href=\"http:\/\/mgbgt.wordpress.com\/project\/\" target=\"\">MGB GT Restauration DocuBlog<\/a><\/h2> <div style=\"float:left; padding-right:0.5em; padding-bottom:0.5em;\">\r\n                                <img src=\"http:\/\/free.pagepeeker.com\/v2\/thumbs.php?size=x&url=http:\/\/mgbgt.wordpress.com\/project\/\" border=\"0\" \/>\r\n\t\t\t\t\t\t    \t<\/div> <div class=\"postentry\"><p><br \/><\/p><\/div><\/div><div class=\"post plinks\"><h2><a class=\"relatedlink\" href=\"http:\/\/www.mgb-hobby.de\/\" target=\"\">MGB-1977 - Tagebuch einer Restauration<\/a><\/h2> <div style=\"float:left; padding-right:0.5em; padding-bottom:0.5em;\">\r\n                                <img src=\"http:\/\/free.pagepeeker.com\/v2\/thumbs.php?size=x&url=http:\/\/www.mgb-hobby.de\/\" border=\"0\" \/>\r\n\t\t\t\t\t\t    \t<\/div> <div class=\"postentry\"><p><br \/><\/p><\/div><\/div><div class=\"post plinks\"><h2><a class=\"relatedlink\" href=\"http:\/\/home.datacomm.ch\/amrot\/index.html\" target=\"\">MGB-GT.CH<\/a><\/h2> <div style=\"float:left; padding-right:0.5em; padding-bottom:0.5em;\">\r\n                                <img src=\"http:\/\/free.pagepeeker.com\/v2\/thumbs.php?size=x&url=http:\/\/home.datacomm.ch\/amrot\/index.html\" border=\"0\" \/>\r\n\t\t\t\t\t\t    \t<\/div> <div class=\"postentry\"><p><br \/><\/p><\/div><\/div><div class=\"post plinks\"><h2><a class=\"relatedlink\" href=\"http:\/\/www.octarine-services.co.uk\/\" target=\"\">Octarine Services<\/a><\/h2> <div style=\"float:left; padding-right:0.5em; padding-bottom:0.5em;\">\r\n                                <img src=\"http:\/\/free.pagepeeker.com\/v2\/thumbs.php?size=x&url=http:\/\/www.octarine-services.co.uk\/\" border=\"0\" \/>\r\n\t\t\t\t\t\t    \t<\/div> <div class=\"postentry\"><p><br \/><\/p><\/div><\/div><div class=\"post plinks\"><h2><a class=\"relatedlink\" href=\"http:\/\/www.mgb-gt.co.uk\/\" target=\"\">Seite \u00fcber die Restauration eines MGB GT<\/a><\/h2> <div style=\"float:left; padding-right:0.5em; padding-bottom:0.5em;\">\r\n                                <img src=\"http:\/\/free.pagepeeker.com\/v2\/thumbs.php?size=x&url=http:\/\/www.mgb-gt.co.uk\/\" border=\"0\" \/>\r\n\t\t\t\t\t\t    \t<\/div> <div class=\"postentry\"><p><br \/><\/p><\/div><\/div><div class=\"post plinks\"><h2><a class=\"relatedlink\" href=\"http:\/\/stinch.com\/mg\/index.html\" target=\"\">Stinch's MG Garage<\/a><\/h2> <div style=\"float:left; padding-right:0.5em; padding-bottom:0.5em;\">\r\n                                <img src=\"http:\/\/free.pagepeeker.com\/v2\/thumbs.php?size=x&url=http:\/\/stinch.com\/mg\/index.html\" border=\"0\" \/>\r\n\t\t\t\t\t\t    \t<\/div> <div class=\"postentry\"><p><br \/><\/p><\/div><\/div><div class=\"post plinks\"><h2><a class=\"relatedlink\" href=\"http:\/\/www.mgbhive.co.uk\/\" target=\"\">The B Hive - MGB Parts and Accessories<\/a><\/h2> <div style=\"float:left; padding-right:0.5em; padding-bottom:0.5em;\">\r\n                                <img src=\"http:\/\/free.pagepeeker.com\/v2\/thumbs.php?size=x&url=http:\/\/www.mgbhive.co.uk\/\" border=\"0\" \/>\r\n\t\t\t\t\t\t    \t<\/div> <div class=\"postentry\"><p><br \/><\/p><\/div><\/div><div class=\"post plinks\"><h2><a class=\"relatedlink\" href=\"http:\/\/www.mgbexperience.com\/\" target=\"\">The MG Experience<\/a><\/h2> <div style=\"float:left; padding-right:0.5em; padding-bottom:0.5em;\">\r\n                                <img src=\"http:\/\/free.pagepeeker.com\/v2\/thumbs.php?size=x&url=http:\/\/www.mgbexperience.com\/\" border=\"0\" \/>\r\n\t\t\t\t\t\t    \t<\/div> <div class=\"postentry\"><p><br \/><\/p><\/div><\/div><div class=\"post plinks\"><h2><a class=\"relatedlink\" href=\"http:\/\/www.mgb-stuff.org.uk\/\" target=\"\">The pages of 'Bee' and 'Vee'<\/a><\/h2> <div style=\"float:left; padding-right:0.5em; padding-bottom:0.5em;\">\r\n                                <img src=\"http:\/\/free.pagepeeker.com\/v2\/thumbs.php?size=x&url=http:\/\/www.mgb-stuff.org.uk\/\" border=\"0\" \/>\r\n\t\t\t\t\t\t    \t<\/div> <div class=\"postentry\"><p><br \/><\/p><\/div><\/div><div class=\"post plinks\"><h2><a class=\"relatedlink\" href=\"http:\/\/www.upgrades4mgs.co.uk\/\" target=\"\">Upgrades4MGs<\/a><\/h2> <div style=\"float:left; padding-right:0.5em; padding-bottom:0.5em;\">\r\n                                <img src=\"http:\/\/free.pagepeeker.com\/v2\/thumbs.php?size=x&url=http:\/\/www.upgrades4mgs.co.uk\/\" border=\"0\" \/>\r\n\t\t\t\t\t\t    \t<\/div> <div class=\"postentry\"><p><br \/><\/p><\/div><\/div><br \/><p style=\"text-align: center; font-size:11px;\">Linkdirectory made with <a href=\"https:\/\/powie.de\" target=\"_blank\">Powies<\/a> pLinks Plugin 1.0.2<\/p><!-- \/pLinks Plugin Output -->\n","protected":false},"excerpt":{"rendered":"<p>Die folgende Linkliste erhebt keinen Anspruch auf Vollst\u00e4ndigkeit. Falls Links fehlen sollten w\u00fcrde ich mich \u00fcber eine kleine Nachricht sehr freuen&#8230; &nbsp; &nbsp; MGB Links &nbsp; 1964 MGB Restoration 1977 MGB Restoration Project A MG is born Advance Autowire American MGB Association &#8211; For all year MGBs, MGB-GTs and Midgets Andrew Yue&#8217;s MG Home Page [&#8230;]<\/p>\n","protected":false},"author":1,"featured_media":0,"parent":20,"menu_order":0,"comment_status":"open","ping_status":"closed","template":"","meta":[],"_links":{"self":[{"href":"http:\/\/www.lampertheim-digital.de\/mg\/wp-json\/wp\/v2\/pages\/1358"}],"collection":[{"href":"http:\/\/www.lampertheim-digital.de\/mg\/wp-json\/wp\/v2\/pages"}],"about":[{"href":"http:\/\/www.lampertheim-digital.de\/mg\/wp-json\/wp\/v2\/types\/page"}],"author":[{"embeddable":true,"href":"http:\/\/www.lampertheim-digital.de\/mg\/wp-json\/wp\/v2\/users\/1"}],"replies":[{"embeddable":true,"href":"http:\/\/www.lampertheim-digital.de\/mg\/wp-json\/wp\/v2\/comments?post=1358"}],"version-history":[{"count":2,"href":"http:\/\/www.lampertheim-digital.de\/mg\/wp-json\/wp\/v2\/pages\/1358\/revisions"}],"predecessor-version":[{"id":1391,"href":"http:\/\/www.lampertheim-digital.de\/mg\/wp-json\/wp\/v2\/pages\/1358\/revisions\/1391"}],"up":[{"embeddable":true,"href":"http:\/\/www.lampertheim-digital.de\/mg\/wp-json\/wp\/v2\/pages\/20"}],"wp:attachment":[{"href":"http:\/\/www.lampertheim-digital.de\/mg\/wp-json\/wp\/v2\/media?parent=1358"}],"curies":[{"name":"wp","href":"https:\/\/api.w.org\/{rel}","templated":true}]}}