{"id":1355,"date":"2014-03-26T19:30:08","date_gmt":"2014-03-26T18:30:08","guid":{"rendered":"http:\/\/www.lampertheim-digital.de\/mg\/?page_id=1355"},"modified":"2014-03-26T19:40:39","modified_gmt":"2014-03-26T18:40:39","slug":"links-mga","status":"publish","type":"page","link":"http:\/\/www.lampertheim-digital.de\/mg\/links\/links-mga\/","title":{"rendered":"MGA"},"content":{"rendered":"<p>Die folgende Linkliste erhebt keinen Anspruch auf Vollst\u00e4ndigkeit.<br \/>\nFalls Links fehlen sollten w\u00fcrde ich mich \u00fcber eine kleine Nachricht sehr freuen&#8230;<\/p>\n<p>&nbsp;<\/p>\n<p>&nbsp;<\/p>\n<h2>MGA Links<\/h2>\n<p>&nbsp;<\/p>\n<!-- pLinks Plugin Output --><div class=\"post plinks\"><h2><a class=\"relatedlink\" href=\"http:\/\/mg-garage.eu\/\" target=\"\">MGA Restauration Page von Serge Vliegen<\/a><\/h2> <div style=\"float:left; padding-right:0.5em; padding-bottom:0.5em;\">\r\n                                <img src=\"http:\/\/free.pagepeeker.com\/v2\/thumbs.php?size=x&url=http:\/\/mg-garage.eu\/\" border=\"0\" \/>\r\n\t\t\t\t\t\t    \t<\/div> <div class=\"postentry\"><p><br \/><\/p><\/div><\/div><div class=\"post plinks\"><h2><a class=\"relatedlink\" href=\"http:\/\/www.tildebang.com\/mg\/index.html\" target=\"\">The MGA Restoration Project<\/a><\/h2> <div style=\"float:left; padding-right:0.5em; padding-bottom:0.5em;\">\r\n                                <img src=\"http:\/\/free.pagepeeker.com\/v2\/thumbs.php?size=x&url=http:\/\/www.tildebang.com\/mg\/index.html\" border=\"0\" \/>\r\n\t\t\t\t\t\t    \t<\/div> <div class=\"postentry\"><p><br \/><\/p><\/div><\/div><div class=\"post plinks\"><h2><a class=\"relatedlink\" href=\"http:\/\/www.mgaguru.com\/\" target=\"\">The MGA With An Attitude<\/a><\/h2> <div style=\"float:left; padding-right:0.5em; padding-bottom:0.5em;\">\r\n                                <img src=\"http:\/\/free.pagepeeker.com\/v2\/thumbs.php?size=x&url=http:\/\/www.mgaguru.com\/\" border=\"0\" \/>\r\n\t\t\t\t\t\t    \t<\/div> <div class=\"postentry\"><p><br \/><\/p><\/div><\/div><div class=\"post plinks\"><h2><a class=\"relatedlink\" href=\"http:\/\/safetyfast.homestead.com\/home.html\" target=\"\">The Sebring MGA Site<\/a><\/h2> <div style=\"float:left; padding-right:0.5em; padding-bottom:0.5em;\">\r\n                                <img src=\"http:\/\/free.pagepeeker.com\/v2\/thumbs.php?size=x&url=http:\/\/safetyfast.homestead.com\/home.html\" border=\"0\" \/>\r\n\t\t\t\t\t\t    \t<\/div> <div class=\"postentry\"><p><br \/><\/p><\/div><\/div><br \/><p style=\"text-align: center; font-size:11px;\">Linkdirectory made with <a href=\"https:\/\/powie.de\" target=\"_blank\">Powies<\/a> pLinks Plugin 1.0.2<\/p><!-- \/pLinks Plugin Output -->\n","protected":false},"excerpt":{"rendered":"<p>Die folgende Linkliste erhebt keinen Anspruch auf Vollst\u00e4ndigkeit. Falls Links fehlen sollten w\u00fcrde ich mich \u00fcber eine kleine Nachricht sehr freuen&#8230; &nbsp; &nbsp; MGA Links &nbsp; MGA Restauration Page von Serge Vliegen The MGA Restoration Project The MGA With An Attitude The Sebring MGA Site Linkdirectory made with Powies pLinks Plugin 1.0.2<\/p>\n","protected":false},"author":1,"featured_media":0,"parent":20,"menu_order":0,"comment_status":"open","ping_status":"closed","template":"","meta":[],"_links":{"self":[{"href":"http:\/\/www.lampertheim-digital.de\/mg\/wp-json\/wp\/v2\/pages\/1355"}],"collection":[{"href":"http:\/\/www.lampertheim-digital.de\/mg\/wp-json\/wp\/v2\/pages"}],"about":[{"href":"http:\/\/www.lampertheim-digital.de\/mg\/wp-json\/wp\/v2\/types\/page"}],"author":[{"embeddable":true,"href":"http:\/\/www.lampertheim-digital.de\/mg\/wp-json\/wp\/v2\/users\/1"}],"replies":[{"embeddable":true,"href":"http:\/\/www.lampertheim-digital.de\/mg\/wp-json\/wp\/v2\/comments?post=1355"}],"version-history":[{"count":2,"href":"http:\/\/www.lampertheim-digital.de\/mg\/wp-json\/wp\/v2\/pages\/1355\/revisions"}],"predecessor-version":[{"id":1390,"href":"http:\/\/www.lampertheim-digital.de\/mg\/wp-json\/wp\/v2\/pages\/1355\/revisions\/1390"}],"up":[{"embeddable":true,"href":"http:\/\/www.lampertheim-digital.de\/mg\/wp-json\/wp\/v2\/pages\/20"}],"wp:attachment":[{"href":"http:\/\/www.lampertheim-digital.de\/mg\/wp-json\/wp\/v2\/media?parent=1355"}],"curies":[{"name":"wp","href":"https:\/\/api.w.org\/{rel}","templated":true}]}}