{"id":1352,"date":"2014-03-26T19:29:37","date_gmt":"2014-03-26T18:29:37","guid":{"rendered":"http:\/\/www.lampertheim-digital.de\/mg\/?page_id=1352"},"modified":"2014-03-26T19:40:30","modified_gmt":"2014-03-26T18:40:30","slug":"links-mg","status":"publish","type":"page","link":"http:\/\/www.lampertheim-digital.de\/mg\/links\/links-mg\/","title":{"rendered":"MG"},"content":{"rendered":"<p>Die folgende Linkliste erhebt keinen Anspruch auf Vollst\u00e4ndigkeit.<br \/>\nFalls Links fehlen sollten w\u00fcrde ich mich \u00fcber eine kleine Nachricht sehr freuen&#8230;<\/p>\n<p>&nbsp;<\/p>\n<p>&nbsp;<\/p>\n<h2>MG Links<\/h2>\n<p>&nbsp;<\/p>\n<!-- pLinks Plugin Output --><div class=\"post plinks\"><h2><a class=\"relatedlink\" href=\"http:\/\/www.mgbmga.com\/index.html\" target=\"\">British Automotive<\/a><\/h2> <div style=\"float:left; padding-right:0.5em; padding-bottom:0.5em;\">\r\n                                <img src=\"http:\/\/free.pagepeeker.com\/v2\/thumbs.php?size=x&url=http:\/\/www.mgbmga.com\/index.html\" border=\"0\" \/>\r\n\t\t\t\t\t\t    \t<\/div> <div class=\"postentry\"><p><br \/><\/p><\/div><\/div><div class=\"post plinks\"><h2><a class=\"relatedlink\" href=\"http:\/\/www.automobilia.de\/mga\/keyfob\/mgkeyfob.htm\" target=\"\">Das original MG-Z\u00fcndschl\u00fcsselm\u00e4ppchen<\/a><\/h2> <div style=\"float:left; padding-right:0.5em; padding-bottom:0.5em;\">\r\n                                <img src=\"http:\/\/free.pagepeeker.com\/v2\/thumbs.php?size=x&url=http:\/\/www.automobilia.de\/mga\/keyfob\/mgkeyfob.htm\" border=\"0\" \/>\r\n\t\t\t\t\t\t    \t<\/div> <div class=\"postentry\"><p><br \/><\/p><\/div><\/div><div class=\"post plinks\"><h2><a class=\"relatedlink\" href=\"http:\/\/www.mgfcar.de\" target=\"\">Dieter's MGFcar Homepage<\/a><\/h2> <div style=\"float:left; padding-right:0.5em; padding-bottom:0.5em;\">\r\n                                <img src=\"http:\/\/free.pagepeeker.com\/v2\/thumbs.php?size=x&url=http:\/\/www.mgfcar.de\" border=\"0\" \/>\r\n\t\t\t\t\t\t    \t<\/div> <div class=\"postentry\"><p><br \/><\/p><\/div><\/div><div class=\"post plinks\"><h2><a class=\"relatedlink\" href=\"http:\/\/www.mgtd.de\/index.php?option=com_content&amp;task=view&amp;id=29&amp;Itemid=45\" target=\"\">George's Garage - MG TD Restauration<\/a><\/h2> <div style=\"float:left; padding-right:0.5em; padding-bottom:0.5em;\">\r\n                                <img src=\"http:\/\/free.pagepeeker.com\/v2\/thumbs.php?size=x&url=http:\/\/www.mgtd.de\/index.php?option=com_content&amp;task=view&amp;id=29&amp;Itemid=45\" border=\"0\" \/>\r\n\t\t\t\t\t\t    \t<\/div> <div class=\"postentry\"><p><br \/><\/p><\/div><\/div><div class=\"post plinks\"><h2><a class=\"relatedlink\" href=\"http:\/\/www.geomatique-liege.be\/MGJP\/Pages\/Page_Accueil_MG.htm\" target=\"\">Malachite Gold - Le site MG de JP<\/a><\/h2> <div style=\"float:left; padding-right:0.5em; padding-bottom:0.5em;\">\r\n                                <img src=\"http:\/\/free.pagepeeker.com\/v2\/thumbs.php?size=x&url=http:\/\/www.geomatique-liege.be\/MGJP\/Pages\/Page_Accueil_MG.htm\" border=\"0\" \/>\r\n\t\t\t\t\t\t    \t<\/div> <div class=\"postentry\"><p><br \/><\/p><\/div><\/div><div class=\"post plinks\"><h2><a class=\"relatedlink\" href=\"http:\/\/www.1978mgmidget.com\/manuals_and_booklets.html\" target=\"\">Manuals and Booklets<\/a><\/h2> <div style=\"float:left; padding-right:0.5em; padding-bottom:0.5em;\">\r\n                                <img src=\"http:\/\/free.pagepeeker.com\/v2\/thumbs.php?size=x&url=http:\/\/www.1978mgmidget.com\/manuals_and_booklets.html\" border=\"0\" \/>\r\n\t\t\t\t\t\t    \t<\/div> <div class=\"postentry\"><p><br \/><\/p><\/div><\/div><div class=\"post plinks\"><h2><a class=\"relatedlink\" href=\"http:\/\/www.mgcars.org.uk\/mgm\/\" target=\"\">MG 'M' Group<\/a><\/h2> <div style=\"float:left; padding-right:0.5em; padding-bottom:0.5em;\">\r\n                                <img src=\"http:\/\/free.pagepeeker.com\/v2\/thumbs.php?size=x&url=http:\/\/www.mgcars.org.uk\/mgm\/\" border=\"0\" \/>\r\n\t\t\t\t\t\t    \t<\/div> <div class=\"postentry\"><p><br \/><\/p><\/div><\/div><div class=\"post plinks\"><h2><a class=\"relatedlink\" href=\"http:\/\/www.mgauctionwatch.com\/\" target=\"\">MG Auctions | MG Auction Watch<\/a><\/h2> <div style=\"float:left; padding-right:0.5em; padding-bottom:0.5em;\">\r\n                                <img src=\"http:\/\/free.pagepeeker.com\/v2\/thumbs.php?size=x&url=http:\/\/www.mgauctionwatch.com\/\" border=\"0\" \/>\r\n\t\t\t\t\t\t    \t<\/div> <div class=\"postentry\"><p><br \/><\/p><\/div><\/div><div class=\"post plinks\"><h2><a class=\"relatedlink\" href=\"http:\/\/www.mgcostello.com\/\" target=\"\">MG Costello<\/a><\/h2> <div style=\"float:left; padding-right:0.5em; padding-bottom:0.5em;\">\r\n                                <img src=\"http:\/\/free.pagepeeker.com\/v2\/thumbs.php?size=x&url=http:\/\/www.mgcostello.com\/\" border=\"0\" \/>\r\n\t\t\t\t\t\t    \t<\/div> <div class=\"postentry\"><p><br \/><\/p><\/div><\/div><div class=\"post plinks\"><h2><a class=\"relatedlink\" href=\"http:\/\/www.mgdc.de\" target=\"\">MG Drivers Club Deutschland<\/a><\/h2> <div style=\"float:left; padding-right:0.5em; padding-bottom:0.5em;\">\r\n                                <img src=\"http:\/\/free.pagepeeker.com\/v2\/thumbs.php?size=x&url=http:\/\/www.mgdc.de\" border=\"0\" \/>\r\n\t\t\t\t\t\t    \t<\/div> <div class=\"postentry\"><p><br \/><\/p><\/div><\/div><div class=\"post plinks\"><h2><a class=\"relatedlink\" href=\"http:\/\/www.mgmotorsport.com\/default.htm\" target=\"\">MG Motorsport<\/a><\/h2> <div style=\"float:left; padding-right:0.5em; padding-bottom:0.5em;\">\r\n                                <img src=\"http:\/\/free.pagepeeker.com\/v2\/thumbs.php?size=x&url=http:\/\/www.mgmotorsport.com\/default.htm\" border=\"0\" \/>\r\n\t\t\t\t\t\t    \t<\/div> <div class=\"postentry\"><p><br \/><\/p><\/div><\/div><div class=\"post plinks\"><h2><a class=\"relatedlink\" href=\"http:\/\/www.mgnuts.com\/\" target=\"\">MG Nuts<\/a><\/h2> <div style=\"float:left; padding-right:0.5em; padding-bottom:0.5em;\">\r\n                                <img src=\"http:\/\/free.pagepeeker.com\/v2\/thumbs.php?size=x&url=http:\/\/www.mgnuts.com\/\" border=\"0\" \/>\r\n\t\t\t\t\t\t    \t<\/div> <div class=\"postentry\"><p><br \/><\/p><\/div><\/div><div class=\"post plinks\"><h2><a class=\"relatedlink\" href=\"http:\/\/www.justbritish.com\/mg1100\/\" target=\"\">MG Sports Sedans<\/a><\/h2> <div style=\"float:left; padding-right:0.5em; padding-bottom:0.5em;\">\r\n                                <img src=\"http:\/\/free.pagepeeker.com\/v2\/thumbs.php?size=x&url=http:\/\/www.justbritish.com\/mg1100\/\" border=\"0\" \/>\r\n\t\t\t\t\t\t    \t<\/div> <div class=\"postentry\"><p><br \/><\/p><\/div><\/div><div class=\"post plinks\"><h2><a class=\"relatedlink\" href=\"http:\/\/www.mg-tabc.org\/\" target=\"\">MG T-ABCs Gallery<\/a><\/h2> <div style=\"float:left; padding-right:0.5em; padding-bottom:0.5em;\">\r\n                                <img src=\"http:\/\/free.pagepeeker.com\/v2\/thumbs.php?size=x&url=http:\/\/www.mg-tabc.org\/\" border=\"0\" \/>\r\n\t\t\t\t\t\t    \t<\/div> <div class=\"postentry\"><p><br \/><\/p><\/div><\/div><div class=\"post plinks\"><h2><a class=\"relatedlink\" href=\"http:\/\/www.mgcars.org.uk\/webring\/\" target=\"\">MG Webring<\/a><\/h2> <div style=\"float:left; padding-right:0.5em; padding-bottom:0.5em;\">\r\n                                <img src=\"http:\/\/free.pagepeeker.com\/v2\/thumbs.php?size=x&url=http:\/\/www.mgcars.org.uk\/webring\/\" border=\"0\" \/>\r\n\t\t\t\t\t\t    \t<\/div> <div class=\"postentry\"><p><br \/><\/p><\/div><\/div><div class=\"post plinks\"><h2><a class=\"relatedlink\" href=\"http:\/\/mg-wiki.britische-klassiker.de\" target=\"\">MG-WIKI<\/a><\/h2> <div style=\"float:left; padding-right:0.5em; padding-bottom:0.5em;\">\r\n                                <img src=\"http:\/\/free.pagepeeker.com\/v2\/thumbs.php?size=x&url=http:\/\/mg-wiki.britische-klassiker.de\" border=\"0\" \/>\r\n\t\t\t\t\t\t    \t<\/div> <div class=\"postentry\"><p><br \/><\/p><\/div><\/div><div class=\"post plinks\"><h2><a class=\"relatedlink\" href=\"http:\/\/joukebloem.nl\" target=\"\">MGC, Abingdon\u2019s Grand Tourer<\/a><\/h2> <div style=\"float:left; padding-right:0.5em; padding-bottom:0.5em;\">\r\n                                <img src=\"http:\/\/free.pagepeeker.com\/v2\/thumbs.php?size=x&url=http:\/\/joukebloem.nl\" border=\"0\" \/>\r\n\t\t\t\t\t\t    \t<\/div> <div class=\"postentry\"><p><br \/><\/p><\/div><\/div><div class=\"post plinks\"><h2><a class=\"relatedlink\" href=\"http:\/\/www.mgcarz.com\/\" target=\"\">MGCarz.Com<\/a><\/h2> <div style=\"float:left; padding-right:0.5em; padding-bottom:0.5em;\">\r\n                                <img src=\"http:\/\/free.pagepeeker.com\/v2\/thumbs.php?size=x&url=http:\/\/www.mgcarz.com\/\" border=\"0\" \/>\r\n\t\t\t\t\t\t    \t<\/div> <div class=\"postentry\"><p><br \/><\/p><\/div><\/div><div class=\"post plinks\"><h2><a class=\"relatedlink\" href=\"http:\/\/www.mgmagnette.com\/\" target=\"\">MGMAGNETTE.COM<\/a><\/h2> <div style=\"float:left; padding-right:0.5em; padding-bottom:0.5em;\">\r\n                                <img src=\"http:\/\/free.pagepeeker.com\/v2\/thumbs.php?size=x&url=http:\/\/www.mgmagnette.com\/\" border=\"0\" \/>\r\n\t\t\t\t\t\t    \t<\/div> <div class=\"postentry\"><p><br \/><\/p><\/div><\/div><div class=\"post plinks\"><h2><a class=\"relatedlink\" href=\"http:\/\/www.russy.de\/index.html\" target=\"\">russy.de - eine private Oldtimerseite<\/a><\/h2> <div style=\"float:left; padding-right:0.5em; padding-bottom:0.5em;\">\r\n                                <img src=\"http:\/\/free.pagepeeker.com\/v2\/thumbs.php?size=x&url=http:\/\/www.russy.de\/index.html\" border=\"0\" \/>\r\n\t\t\t\t\t\t    \t<\/div> <div class=\"postentry\"><p><br \/><\/p><\/div><\/div><div class=\"post plinks\"><h2><a class=\"relatedlink\" href=\"http:\/\/www.mg-meeting.de\/\" target=\"\">Saarl\u00e4ndisches MG-Meeting<\/a><\/h2> <div style=\"float:left; padding-right:0.5em; padding-bottom:0.5em;\">\r\n                                <img src=\"http:\/\/free.pagepeeker.com\/v2\/thumbs.php?size=x&url=http:\/\/www.mg-meeting.de\/\" border=\"0\" \/>\r\n\t\t\t\t\t\t    \t<\/div> <div class=\"postentry\"><p><br \/><\/p><\/div><\/div><div class=\"post plinks\"><h2><a class=\"relatedlink\" href=\"http:\/\/www.mgcars.de\/\" target=\"\">Scuderia Froschenteich, Andreas Pichler<\/a><\/h2> <div style=\"float:left; padding-right:0.5em; padding-bottom:0.5em;\">\r\n                                <img src=\"http:\/\/free.pagepeeker.com\/v2\/thumbs.php?size=x&url=http:\/\/www.mgcars.de\/\" border=\"0\" \/>\r\n\t\t\t\t\t\t    \t<\/div> <div class=\"postentry\"><p><br \/><\/p><\/div><\/div><div class=\"post plinks\"><h2><a class=\"relatedlink\" href=\"http:\/\/www.spridgets.net\/\" target=\"\">Spridgets.net<\/a><\/h2> <div style=\"float:left; padding-right:0.5em; padding-bottom:0.5em;\">\r\n                                <img src=\"http:\/\/free.pagepeeker.com\/v2\/thumbs.php?size=x&url=http:\/\/www.spridgets.net\/\" border=\"0\" \/>\r\n\t\t\t\t\t\t    \t<\/div> <div class=\"postentry\"><p><br \/><\/p><\/div><\/div><div class=\"post plinks\"><h2><a class=\"relatedlink\" href=\"http:\/\/www.team.net\/www\/mg\/tech\/midget\/engswapa.html\" target=\"\">Swapping A-series for a Toyota T-block<\/a><\/h2> <div style=\"float:left; padding-right:0.5em; padding-bottom:0.5em;\">\r\n                                <img src=\"http:\/\/free.pagepeeker.com\/v2\/thumbs.php?size=x&url=http:\/\/www.team.net\/www\/mg\/tech\/midget\/engswapa.html\" border=\"0\" \/>\r\n\t\t\t\t\t\t    \t<\/div> <div class=\"postentry\"><p><br \/><\/p><\/div><\/div><div class=\"post plinks\"><h2><a class=\"relatedlink\" href=\"http:\/\/www.teglerizer.com\/home.html\" target=\"\">Teglerizer<\/a><\/h2> <div style=\"float:left; padding-right:0.5em; padding-bottom:0.5em;\">\r\n                                <img src=\"http:\/\/free.pagepeeker.com\/v2\/thumbs.php?size=x&url=http:\/\/www.teglerizer.com\/home.html\" border=\"0\" \/>\r\n\t\t\t\t\t\t    \t<\/div> <div class=\"postentry\"><p><br \/><\/p><\/div><\/div><div class=\"post plinks\"><h2><a class=\"relatedlink\" href=\"http:\/\/www.them-g-c.com\/\" target=\"\">The M-G-C<\/a><\/h2> <div style=\"float:left; padding-right:0.5em; padding-bottom:0.5em;\">\r\n                                <img src=\"http:\/\/free.pagepeeker.com\/v2\/thumbs.php?size=x&url=http:\/\/www.them-g-c.com\/\" border=\"0\" \/>\r\n\t\t\t\t\t\t    \t<\/div> <div class=\"postentry\"><p><br \/><\/p><\/div><\/div><div class=\"post plinks\"><h2><a class=\"relatedlink\" href=\"http:\/\/mymgcars.blogspot.com\/\" target=\"\">The MGA \/ MGB Blog<\/a><\/h2> <div style=\"float:left; padding-right:0.5em; padding-bottom:0.5em;\">\r\n                                <img src=\"http:\/\/free.pagepeeker.com\/v2\/thumbs.php?size=x&url=http:\/\/mymgcars.blogspot.com\/\" border=\"0\" \/>\r\n\t\t\t\t\t\t    \t<\/div> <div class=\"postentry\"><p><br \/><\/p><\/div><\/div><div class=\"post plinks\"><h2><a class=\"relatedlink\" href=\"http:\/\/www.teglerizer.com\/mgstuff\/lucastuning.pdf\" target=\"\">Tuning the Lucas Distributor<\/a><\/h2> <div style=\"float:left; padding-right:0.5em; padding-bottom:0.5em;\">\r\n                                <img src=\"http:\/\/free.pagepeeker.com\/v2\/thumbs.php?size=x&url=http:\/\/www.teglerizer.com\/mgstuff\/lucastuning.pdf\" border=\"0\" \/>\r\n\t\t\t\t\t\t    \t<\/div> <div class=\"postentry\"><p><br \/><\/p><\/div><\/div><div class=\"post plinks\"><h2><a class=\"relatedlink\" href=\"http:\/\/www.vord.net\/\" target=\"\">VORD MGB V8 Conversion, MGA Restoration, and Automotive Fun<\/a><\/h2> <div style=\"float:left; padding-right:0.5em; padding-bottom:0.5em;\">\r\n                                <img src=\"http:\/\/free.pagepeeker.com\/v2\/thumbs.php?size=x&url=http:\/\/www.vord.net\/\" border=\"0\" \/>\r\n\t\t\t\t\t\t    \t<\/div> <div class=\"postentry\"><p><br \/><\/p><\/div><\/div><div class=\"post plinks\"><h2><a class=\"relatedlink\" href=\"http:\/\/www.white-weeks.com\/?cat=7\" target=\"\">White-Weeks.com - A MG Midget<\/a><\/h2> <div style=\"float:left; padding-right:0.5em; padding-bottom:0.5em;\">\r\n                                <img src=\"http:\/\/free.pagepeeker.com\/v2\/thumbs.php?size=x&url=http:\/\/www.white-weeks.com\/?cat=7\" border=\"0\" \/>\r\n\t\t\t\t\t\t    \t<\/div> <div class=\"postentry\"><p><br \/><\/p><\/div><\/div><div class=\"post plinks\"><h2><a class=\"relatedlink\" href=\"http:\/\/www.xpowerforums.com\/\" target=\"\">XPowerForums.com<\/a><\/h2> <div style=\"float:left; padding-right:0.5em; padding-bottom:0.5em;\">\r\n                                <img src=\"http:\/\/free.pagepeeker.com\/v2\/thumbs.php?size=x&url=http:\/\/www.xpowerforums.com\/\" border=\"0\" \/>\r\n\t\t\t\t\t\t    \t<\/div> <div class=\"postentry\"><p><br \/><\/p><\/div><\/div><br \/><p style=\"text-align: center; font-size:11px;\">Linkdirectory made with <a href=\"https:\/\/powie.de\" target=\"_blank\">Powies<\/a> pLinks Plugin 1.0.2<\/p><!-- \/pLinks Plugin Output -->\n","protected":false},"excerpt":{"rendered":"<p>Die folgende Linkliste erhebt keinen Anspruch auf Vollst\u00e4ndigkeit. Falls Links fehlen sollten w\u00fcrde ich mich \u00fcber eine kleine Nachricht sehr freuen&#8230; &nbsp; &nbsp; MG Links &nbsp; British Automotive Das original MG-Z\u00fcndschl\u00fcsselm\u00e4ppchen Dieter&#8217;s MGFcar Homepage George&#8217;s Garage &#8211; MG TD Restauration Malachite Gold &#8211; Le site MG de JP Manuals and Booklets MG &#8218;M&#8216; Group MG [&#8230;]<\/p>\n","protected":false},"author":1,"featured_media":0,"parent":20,"menu_order":0,"comment_status":"open","ping_status":"closed","template":"","meta":[],"_links":{"self":[{"href":"http:\/\/www.lampertheim-digital.de\/mg\/wp-json\/wp\/v2\/pages\/1352"}],"collection":[{"href":"http:\/\/www.lampertheim-digital.de\/mg\/wp-json\/wp\/v2\/pages"}],"about":[{"href":"http:\/\/www.lampertheim-digital.de\/mg\/wp-json\/wp\/v2\/types\/page"}],"author":[{"embeddable":true,"href":"http:\/\/www.lampertheim-digital.de\/mg\/wp-json\/wp\/v2\/users\/1"}],"replies":[{"embeddable":true,"href":"http:\/\/www.lampertheim-digital.de\/mg\/wp-json\/wp\/v2\/comments?post=1352"}],"version-history":[{"count":2,"href":"http:\/\/www.lampertheim-digital.de\/mg\/wp-json\/wp\/v2\/pages\/1352\/revisions"}],"predecessor-version":[{"id":1389,"href":"http:\/\/www.lampertheim-digital.de\/mg\/wp-json\/wp\/v2\/pages\/1352\/revisions\/1389"}],"up":[{"embeddable":true,"href":"http:\/\/www.lampertheim-digital.de\/mg\/wp-json\/wp\/v2\/pages\/20"}],"wp:attachment":[{"href":"http:\/\/www.lampertheim-digital.de\/mg\/wp-json\/wp\/v2\/media?parent=1352"}],"curies":[{"name":"wp","href":"https:\/\/api.w.org\/{rel}","templated":true}]}}