{"id":1348,"date":"2014-03-26T19:28:56","date_gmt":"2014-03-26T18:28:56","guid":{"rendered":"http:\/\/www.lampertheim-digital.de\/mg\/?page_id=1348"},"modified":"2014-03-26T19:40:18","modified_gmt":"2014-03-26T18:40:18","slug":"links-freunde","status":"publish","type":"page","link":"http:\/\/www.lampertheim-digital.de\/mg\/links\/links-freunde\/","title":{"rendered":"Freunde"},"content":{"rendered":"<p>Die folgende Linkliste erhebt keinen Anspruch auf Vollst\u00e4ndigkeit.<br \/>\nFalls Links fehlen sollten w\u00fcrde ich mich \u00fcber eine kleine Nachricht sehr freuen&#8230;<\/p>\n<p>&nbsp;<\/p>\n<p>&nbsp;<\/p>\n<h2>Freunde<\/h2>\n<p>&nbsp;<\/p>\n<!-- pLinks Plugin Output --><div class=\"post plinks\"><h2><a class=\"relatedlink\" href=\"http:\/\/coltc50.blogspot.com\/\" target=\"\">Colt C50 Blog<\/a><\/h2> <div style=\"float:left; padding-right:0.5em; padding-bottom:0.5em;\">\r\n                                <img src=\"http:\/\/free.pagepeeker.com\/v2\/thumbs.php?size=x&url=http:\/\/coltc50.blogspot.com\/\" border=\"0\" \/>\r\n\t\t\t\t\t\t    \t<\/div> <div class=\"postentry\"><p><br \/><\/p><\/div><\/div><div class=\"post plinks\"><h2><a class=\"relatedlink\" href=\"http:\/\/www.historische-fahrzeuge-lampertheim.de\/\" target=\"\">Freunde Historischer Fahrzeuge Lampertheim<\/a><\/h2> <div style=\"float:left; padding-right:0.5em; padding-bottom:0.5em;\">\r\n                                <img src=\"http:\/\/free.pagepeeker.com\/v2\/thumbs.php?size=x&url=http:\/\/www.historische-fahrzeuge-lampertheim.de\/\" border=\"0\" \/>\r\n\t\t\t\t\t\t    \t<\/div> <div class=\"postentry\"><p><br \/><\/p><\/div><\/div><div class=\"post plinks\"><h2><a class=\"relatedlink\" href=\"http:\/\/www.oldtimergarage.at\/\" target=\"\">Ingrid s Oldtimergarage!<\/a><\/h2> <div style=\"float:left; padding-right:0.5em; padding-bottom:0.5em;\">\r\n                                <img src=\"http:\/\/free.pagepeeker.com\/v2\/thumbs.php?size=x&url=http:\/\/www.oldtimergarage.at\/\" border=\"0\" \/>\r\n\t\t\t\t\t\t    \t<\/div> <div class=\"postentry\"><p><br \/><\/p><\/div><\/div><div class=\"post plinks\"><h2><a class=\"relatedlink\" href=\"http:\/\/www.mx5-freunde-pfalz.de\" target=\"\">MX5 Freunde Saar &amp; Pfalz<\/a><\/h2> <div style=\"float:left; padding-right:0.5em; padding-bottom:0.5em;\">\r\n                                <img src=\"http:\/\/free.pagepeeker.com\/v2\/thumbs.php?size=x&url=http:\/\/www.mx5-freunde-pfalz.de\" border=\"0\" \/>\r\n\t\t\t\t\t\t    \t<\/div> <div class=\"postentry\"><p><br \/><\/p><\/div><\/div><div class=\"post plinks\"><h2><a class=\"relatedlink\" href=\"http:\/\/www.sunracer.de\" target=\"\">MX5 Sunracer<\/a><\/h2> <div style=\"float:left; padding-right:0.5em; padding-bottom:0.5em;\">\r\n                                <img src=\"http:\/\/free.pagepeeker.com\/v2\/thumbs.php?size=x&url=http:\/\/www.sunracer.de\" border=\"0\" \/>\r\n\t\t\t\t\t\t    \t<\/div> <div class=\"postentry\"><p><br \/><\/p><\/div><\/div><div class=\"post plinks\"><h2><a class=\"relatedlink\" href=\"http:\/\/www.triumph-spitfire-pfalz.de\/\" target=\"\">Spitfire Homepage von Uwe Segeler<\/a><\/h2> <div style=\"float:left; padding-right:0.5em; padding-bottom:0.5em;\">\r\n                                <img src=\"http:\/\/free.pagepeeker.com\/v2\/thumbs.php?size=x&url=http:\/\/www.triumph-spitfire-pfalz.de\/\" border=\"0\" \/>\r\n\t\t\t\t\t\t    \t<\/div> <div class=\"postentry\"><p><br \/><\/p><\/div><\/div><br \/><p style=\"text-align: center; font-size:11px;\">Linkdirectory made with <a href=\"https:\/\/powie.de\" target=\"_blank\">Powies<\/a> pLinks Plugin 1.0.2<\/p><!-- \/pLinks Plugin Output -->\n","protected":false},"excerpt":{"rendered":"<p>Die folgende Linkliste erhebt keinen Anspruch auf Vollst\u00e4ndigkeit. Falls Links fehlen sollten w\u00fcrde ich mich \u00fcber eine kleine Nachricht sehr freuen&#8230; &nbsp; &nbsp; Freunde &nbsp; Colt C50 Blog Freunde Historischer Fahrzeuge Lampertheim Ingrid s Oldtimergarage! MX5 Freunde Saar &amp; Pfalz MX5 Sunracer Spitfire Homepage von Uwe Segeler Linkdirectory made with Powies pLinks Plugin 1.0.2<\/p>\n","protected":false},"author":1,"featured_media":0,"parent":20,"menu_order":0,"comment_status":"open","ping_status":"closed","template":"","meta":[],"_links":{"self":[{"href":"http:\/\/www.lampertheim-digital.de\/mg\/wp-json\/wp\/v2\/pages\/1348"}],"collection":[{"href":"http:\/\/www.lampertheim-digital.de\/mg\/wp-json\/wp\/v2\/pages"}],"about":[{"href":"http:\/\/www.lampertheim-digital.de\/mg\/wp-json\/wp\/v2\/types\/page"}],"author":[{"embeddable":true,"href":"http:\/\/www.lampertheim-digital.de\/mg\/wp-json\/wp\/v2\/users\/1"}],"replies":[{"embeddable":true,"href":"http:\/\/www.lampertheim-digital.de\/mg\/wp-json\/wp\/v2\/comments?post=1348"}],"version-history":[{"count":2,"href":"http:\/\/www.lampertheim-digital.de\/mg\/wp-json\/wp\/v2\/pages\/1348\/revisions"}],"predecessor-version":[{"id":1388,"href":"http:\/\/www.lampertheim-digital.de\/mg\/wp-json\/wp\/v2\/pages\/1348\/revisions\/1388"}],"up":[{"embeddable":true,"href":"http:\/\/www.lampertheim-digital.de\/mg\/wp-json\/wp\/v2\/pages\/20"}],"wp:attachment":[{"href":"http:\/\/www.lampertheim-digital.de\/mg\/wp-json\/wp\/v2\/media?parent=1348"}],"curies":[{"name":"wp","href":"https:\/\/api.w.org\/{rel}","templated":true}]}}