{"id":11,"date":"2014-03-20T13:33:28","date_gmt":"2014-03-20T12:33:28","guid":{"rendered":"http:\/\/www.lampertheim-digital.de\/mg\/?page_id=11"},"modified":"2014-03-30T15:46:47","modified_gmt":"2014-03-30T14:46:47","slug":"infoseiten-mga","status":"publish","type":"page","link":"http:\/\/www.lampertheim-digital.de\/mg\/infoseiten-mga\/","title":{"rendered":"Infos MGA"},"content":{"rendered":"<p>Bitte w\u00e4hle einen der Untermen\u00fcpunkte&#8230;<br \/>\n<br \/>&nbsp;<br \/>\n<a href=\"http:\/\/www.lampertheim-digital.de\/mg\/infoseiten-mga\/mga-gallerie\/\" title=\"MGA Galerie\"><strong>MGA Galerie<\/strong><\/a><br \/>\n<br \/>&nbsp;<br \/>\n<a href=\"http:\/\/www.lampertheim-digital.de\/mg\/infoseiten-mga\/die-farben-des-mga\/\" title=\"Farben des MGA\"><strong>Farben des MGA<\/strong><\/a><br \/>\n<br \/>&nbsp;<br \/>\n<a href=\"http:\/\/www.lampertheim-digital.de\/mg\/infoseiten-mga\/technische-daten\/\" title=\"Technische Daten MGA\"><strong>Technische Daten MGA<\/strong><\/a><br \/>\n<br \/>&nbsp;<br \/>\n<a href=\"http:\/\/www.lampertheim-digital.de\/mg\/infoseiten-mga\/werbung-fur-den-mga\/\" title=\"Werbung f\u00fcr den MGA\"><strong>Werbung f\u00fcr den MGA<\/strong><\/a><br \/>\n<br \/>&nbsp;<br \/>\n<a href=\"http:\/\/www.lampertheim-digital.de\/mg\/infoseiten-mga\/birefmarken-mit-einem-mga\/\" title=\"MGA Briefmarken\"><strong>MGA Briefmarken<\/strong><\/a><br \/>\n<br \/>&nbsp;<br \/>\n<a href=\"http:\/\/www.lampertheim-digital.de\/mg\/infoseiten-mga\/unterschiede-der-modelle\/\" title=\"Unterschiede der Modelle\"><strong>Unterschiede der Modelle<\/strong><\/a><br \/>\n<br \/>&nbsp;<br \/>\n<a href=\"http:\/\/www.lampertheim-digital.de\/mg\/infoseiten-mga\/mga-produktion-in-zahlen\/\" title=\"MGA Produktion in Zahlen\"><strong>MGA Produktion in Zahlen<\/strong><\/a><\/p>\n","protected":false},"excerpt":{"rendered":"<p>Bitte w\u00e4hle einen der Untermen\u00fcpunkte&#8230; &nbsp; MGA Galerie &nbsp; Farben des MGA &nbsp; Technische Daten MGA &nbsp; Werbung f\u00fcr den MGA &nbsp; MGA Briefmarken &nbsp; Unterschiede der Modelle &nbsp; MGA Produktion in Zahlen<\/p>\n","protected":false},"author":1,"featured_media":0,"parent":0,"menu_order":0,"comment_status":"open","ping_status":"closed","template":"","meta":[],"_links":{"self":[{"href":"http:\/\/www.lampertheim-digital.de\/mg\/wp-json\/wp\/v2\/pages\/11"}],"collection":[{"href":"http:\/\/www.lampertheim-digital.de\/mg\/wp-json\/wp\/v2\/pages"}],"about":[{"href":"http:\/\/www.lampertheim-digital.de\/mg\/wp-json\/wp\/v2\/types\/page"}],"author":[{"embeddable":true,"href":"http:\/\/www.lampertheim-digital.de\/mg\/wp-json\/wp\/v2\/users\/1"}],"replies":[{"embeddable":true,"href":"http:\/\/www.lampertheim-digital.de\/mg\/wp-json\/wp\/v2\/comments?post=11"}],"version-history":[{"count":6,"href":"http:\/\/www.lampertheim-digital.de\/mg\/wp-json\/wp\/v2\/pages\/11\/revisions"}],"predecessor-version":[{"id":1601,"href":"http:\/\/www.lampertheim-digital.de\/mg\/wp-json\/wp\/v2\/pages\/11\/revisions\/1601"}],"wp:attachment":[{"href":"http:\/\/www.lampertheim-digital.de\/mg\/wp-json\/wp\/v2\/media?parent=11"}],"curies":[{"name":"wp","href":"https:\/\/api.w.org\/{rel}","templated":true}]}}