{"id":109,"date":"2007-10-08T16:30:05","date_gmt":"2007-10-08T14:30:05","guid":{"rendered":"http:\/\/www.lampertheim-digital.de\/wordpress\/?page_id=109"},"modified":"2014-03-30T11:23:11","modified_gmt":"2014-03-30T10:23:11","slug":"literatur-empfehlungen","status":"publish","type":"page","link":"http:\/\/www.lampertheim-digital.de\/mg\/infoseiten-mgb\/literatur-empfehlungen\/","title":{"rendered":"Literatur Empfehlungen MGB"},"content":{"rendered":"<p>Hier m\u00f6chte ich einige B\u00fccher zum Thema MGB vorstellen. Sicherlich gibt es noch einige mehr als die hier beschriebenen aber ich kann nur \u00fcber die schreiben die ich auch besitze oder die ich zumindest gelesen habe \ud83d\ude09 .<\/p>\n<p><img loading=\"lazy\" src=\"http:\/\/www.lampertheim-digital.de\/mg\/wp-content\/uploads\/2013\/06\/mgb_das_original.jpg\" alt=\"MGB Das Original\" width=\"132\" height=\"180\"\/><\/p>\n<p><strong>MGB Das Original<\/strong><br \/>\n<em>Alle Roadster- und GT-Modelle einschlie\u00dflich MGC und V8<\/em> <\/p>\n<p>von A.D. Clausager (Text) und John Colley (Fotos)<\/p>\n<p>Sehr empfehlenswertes Buch. Viele Farbfotos und ein sehr gut geschriebener Text der so ziemlich alle Fragen zum Thema Originalit\u00e4t beantwortet.<\/p>\n<p>Quasi ein must-have f\u00fcr den MGB Fan<\/p>\n<ul>\n<li type=\"square\">Erscheinungsjahr: 1995 (deutsch) bzw. 1994 (englisch)<\/li>\n<li type=\"square\">Verlag: <a href=\"http:\/\/www.heel-verlag.de\" target=\"_blank\">Heel Verlag GmbH<\/a><\/li>\n<li type=\"square\">Sprache: Deutsch (Englischer Titel: The Original MGB)<\/li>\n<li type=\"square\">ISBN: 3-89365-391-0<\/li>\n<\/ul>\n<hr width=95%\/><\/p>\n<p><img loading=\"lazy\" src=\"http:\/\/www.lampertheim-digital.de\/mg\/wp-content\/uploads\/2013\/06\/mgb.jpg\" alt=\"MGB: MGC &#038; MGB GT V8\" width=\"180\" height=\"180\"\/><\/p>\n<p><strong>MGB: MGC &#038; MGB GT V8<\/strong><br \/>\n<em>Eine Hommage an den britischen Sportwagenklassiker<\/em> <\/p>\n<p>von David Knowles<\/p>\n<p>Gleiche Empfehlung wie f\u00fcr das vorhergehende Buch &#8211; sehr empfehlenswert!<\/p>\n<ul>\n<li type=\"square\">Erscheinungsjahr: 2004<\/li>\n<li type=\"square\">Verlag: <a href=\"http:\/\/www.heel-verlag.de\" target=\"_blank\">Heel Verlag GmbH<\/a><\/li>\n<li type=\"square\">Sprache: Deutsch<\/li>\n<li type=\"square\">ISBN: 3-898803-44-9<\/li>\n<\/ul>\n<hr width=95%\/><\/p>\n<p><img loading=\"lazy\" src=\"http:\/\/www.lampertheim-digital.de\/mg\/wp-content\/uploads\/2013\/06\/mga_mgb_mgc.jpg\" alt=\"Der MGA, MGB und MGC\" width=\"200\" height=\"144\" \/><\/p>\n<p><em>Collectors Guide<\/em><br \/>\n<strong>Der MGA, MGB &#038; MGC<\/strong><br \/>\n<em>Edition Plus <\/em><\/p>\n<p>von Graham Robson  <\/p>\n<p>Ebenfalls sehr gutes Buch zu den drei MG Modellen. Leider \u00fcberwiegend schwarz\/weiss Fotos aber die Meisten in recht guter Qualit\u00e4t. <\/p>\n<ul>\n<li type=\"square\">Erscheinungsjahr: 1978 (Originalausgabe), Edition Plus (2002)<\/li>\n<li type=\"square\">Verlag: <a href=\"http:\/\/www.heel-verlag.de\" target=\"_blank\">Heel Verlag GmbH<\/a><\/li>\n<li type=\"square\">Sprache: Deutsch (Englischer Titel: The MGA, MGB &#038; MGC)<\/li>\n<li type=\"square\">ISBN: 3-906477-11-8<\/li>\n<\/ul>\n<hr width=95%\/><\/p>\n<p><img loading=\"lazy\" src=\"http:\/\/www.lampertheim-digital.de\/mg\/wp-content\/uploads\/2013\/06\/motorchronik.jpg\" alt=\"Schrader Motor-Chronik, MGA, MGB, MGC, Roadster und Coupes 1955-81\" width=\"145\" height=\"139\"\/><\/p>\n<p><strong>Schrader Motor-Chronik, MGA, MGB, MGC,<br \/>Roadster und Coupes 1955-81<\/strong><\/p>\n<p>von Walter Zeichner <\/p>\n<p>Sch\u00f6nes Buch mit einem Abriss der Geschichte und vielen Bildern aus der Werbung (Prospekte und Zeitungswerbung) \u00fcber die MGs. Viele Bilder in schwarz\/weiss und Farbe.<\/p>\n<ul>\n<li type=\"square\">Erscheinungsjahr: 1990<\/li>\n<li type=\"square\">Verlag: Motorbuch Verlag<\/li>\n<li type=\"square\">Sprache: Deutsch<\/li>\n<li type=\"square\">ISBN: 3922617670<\/li>\n<\/ul>\n<hr width=95%\/><\/p>\n<p><img loading=\"lazy\" src=\"http:\/\/www.lampertheim-digital.de\/mg\/wp-content\/uploads\/2013\/06\/mgb_repair_manual_.jpg\" alt=\"MGB Automotive Repair Manual (Haynes Repair Manuals)\" width=\"130\" height=\"169\"  \/><\/p>\n<p><em>1962 to 1980<\/em><br \/>\n<strong>MGB Automotive Repair Manual (Haynes Repair Manuals)<\/strong><br \/>\n<em>Roadster and GT-Coupe<\/em><\/p>\n<p>von JH Haynes und John Fowler <\/p>\n<ul>\n<li type=\"square\">Erscheinungsjahr: 1988<\/li>\n<li type=\"square\">Verlag: <a href=\"http:\/\/www.haynes.com\" target=\"_blank\">Haynes Verlag GmbH<\/a><\/li>\n<li type=\"square\">Sprache: Englisch<\/li>\n<li type=\"square\">ISBN: 0-85696-623-1<\/li>\n<\/ul>\n<hr width=95%\/><\/p>\n<p><img loading=\"lazy\" src=\"http:\/\/www.lampertheim-digital.de\/mg\/wp-content\/uploads\/2013\/06\/mgb_electrical_system.jpg\" alt=\"MGB Electrical Systems\" width=\"138\" height=\"180\"  \/><\/p>\n<p><strong>MGB Electrical Systems<\/strong><br \/>\n<em>Your Colour Illustrated Guide to Understanding, Repairing &#038; Improving the MGB&#8217;s Electrical Systems &#038; Components, Cover (Essential Manual)<\/em><\/p>\n<p>von Rick Astley<\/p>\n<p>Sehr guter Einblick in die elektrischen Systeme und Komponenten des MGB. Mit vielen Fotos, Zeichnungen und farbigen Schaltpl\u00e4nen. Nicht unbedingt f\u00fcr jeden notwendig aber f\u00fcr eine Restauration sehr empfehlenswert!<\/p>\n<ul>\n<li type=\"square\">Erscheinungsjahr: 2006<\/li>\n<li type=\"square\">Verlag: Veloce Pub<\/li>\n<li type=\"square\">Sprache: Englisch<\/li>\n<li type=\"square\">ISBN: 978-1845840570<\/li>\n<\/ul>\n<hr width=95%\/><\/p>\n<p><img loading=\"lazy\" src=\"http:\/\/www.lampertheim-digital.de\/mg\/wp-content\/uploads\/2013\/06\/technisches_woerterbuch.jpg\" alt=\"Technisches W\u00f6rterbuch\" width=\"100\" height=\"143\" \/><\/p>\n<p><strong>Technisches W\u00f6rterbuch<\/strong><br \/>\n<em>Englisch &#8211; Deutsch<\/em><\/p>\n<p>kein Buch direkt zum Thema MGA oder MG aber ich finde es wichtig es hier zu erw\u00e4hnen. Dieses kleine B\u00fcchlein gibt es gratis zu den Haynes-Reparaturanleitungen. Manche H\u00e4ndler haben aber davon noch nie etwas geh\u00f6rt ! Daher gilt: lass dich nicht verarschen und frag nach wenn es der H\u00e4ndler nicht von sich aus anbietet ! \ud83d\ude09<\/p>\n<ul>\n<li type=\"square\">Verlag: <a href=\"http:\/\/www.haynes.com\" target=\"_blank\">Haynes Verlag GmbH<\/a><\/li>\n<\/ul>\n<hr width=95%\/><\/p>\n<p>Kein Buch sondern eine bzw. zwei DVDs ist:<\/p>\n<p><img loading=\"lazy\" src=\"http:\/\/www.lampertheim-digital.de\/mg\/wp-content\/uploads\/2013\/06\/born.jpg\" alt=\"An MG is born\" width=\"150\" height=\"201\" \/><\/p>\n<p><strong>An MG is born<\/strong><\/p>\n<p>Diese DVD enth\u00e4lt eine Dokumentation, produziert f\u00fcr den TV Sender Discovery Channel, in dem Moderator Mark Evans in einigen Monaten &#8211; zusammen mit zwei Helfern &#8211; aus einem ziemlich heruntergekommenen MGB Baujahr 1973 ein wirkliches Schmuckst\u00fcck zaubert. In den Werbepausen sieht man jedoch keine Werbung sondern Portraits von MGs und deren Besitzern. Auch ein Einblick in die Produktion einer MGB Karosserie wird geboten.<\/p>\n<p>Die ganze DVD (2 St\u00fcck) ist wirklich sehenswert und ich denke, auch ohne gro\u00dfe Englischkenntnisse kann man einiges mitbekommen. Garniert sind die einzelnen Episoden mit gro\u00dfartigem englischen Humor.<\/p>\n<p>Pr\u00e4dikat: sehr Empfehlenswert f\u00fcr jeden MG Fan und die die es werden wollen ! <\/p>\n<p>zu beziehen ist diese DVD unter anderem auch bei <a href=\"http:\/\/www.amazon.de\/MG-Is-Born-UK-IMPORT\/dp\/B000AXWCXA\/ref=sr_1_1\/302-4083035-1276846?ie=UTF8&#038;s=dvd&#038;qid=1186241644&#038;sr=8-1\">Amazon.de<\/a> oder direkt bei <a href=\"http:\/\/www.an-mg-is-born.com\/\">An MG is born<\/a><\/p>\n","protected":false},"excerpt":{"rendered":"<p>Hier m\u00f6chte ich einige B\u00fccher zum Thema MGB vorstellen. Sicherlich gibt es noch einige mehr als die hier beschriebenen aber ich kann nur \u00fcber die schreiben die ich auch besitze oder die ich zumindest gelesen habe \ud83d\ude09 . MGB Das Original Alle Roadster- und GT-Modelle einschlie\u00dflich MGC und V8 von A.D. Clausager (Text) und John [&#8230;]<\/p>\n","protected":false},"author":2,"featured_media":0,"parent":864,"menu_order":203,"comment_status":"open","ping_status":"open","template":"","meta":[],"_links":{"self":[{"href":"http:\/\/www.lampertheim-digital.de\/mg\/wp-json\/wp\/v2\/pages\/109"}],"collection":[{"href":"http:\/\/www.lampertheim-digital.de\/mg\/wp-json\/wp\/v2\/pages"}],"about":[{"href":"http:\/\/www.lampertheim-digital.de\/mg\/wp-json\/wp\/v2\/types\/page"}],"author":[{"embeddable":true,"href":"http:\/\/www.lampertheim-digital.de\/mg\/wp-json\/wp\/v2\/users\/2"}],"replies":[{"embeddable":true,"href":"http:\/\/www.lampertheim-digital.de\/mg\/wp-json\/wp\/v2\/comments?post=109"}],"version-history":[{"count":6,"href":"http:\/\/www.lampertheim-digital.de\/mg\/wp-json\/wp\/v2\/pages\/109\/revisions"}],"predecessor-version":[{"id":1564,"href":"http:\/\/www.lampertheim-digital.de\/mg\/wp-json\/wp\/v2\/pages\/109\/revisions\/1564"}],"up":[{"embeddable":true,"href":"http:\/\/www.lampertheim-digital.de\/mg\/wp-json\/wp\/v2\/pages\/864"}],"wp:attachment":[{"href":"http:\/\/www.lampertheim-digital.de\/mg\/wp-json\/wp\/v2\/media?parent=109"}],"curies":[{"name":"wp","href":"https:\/\/api.w.org\/{rel}","templated":true}]}}